{"id":18521,"date":"2021-04-20T22:27:34","date_gmt":"2021-04-21T03:27:34","guid":{"rendered":"http:\/\/119.8.7.19\/masterprom\/producto\/blq-001-3\/"},"modified":"2021-04-20T22:27:34","modified_gmt":"2021-04-21T03:27:34","slug":"blq-001-3","status":"publish","type":"product","link":"http:\/\/119.8.7.19\/masterprom\/producto\/blq-001-3\/","title":{"rendered":"BLQ-001"},"content":{"rendered":"<p>Candado sary (3 funciones: llavero, candado para usb para proteger informaci\u00f3n y candado para maleta. Combinaci\u00f3n de 3 d\u00edgitos. No incluye USB.) 999<\/p>\n","protected":false},"excerpt":{"rendered":"<p>Candado sary (3 funciones: llavero, candado para usb para proteger informaci\u00f3n y candado para maleta. Combinaci\u00f3n de 3 d\u00edgitos. No incluye USB.) <\/p>\n","protected":false},"featured_media":0,"comment_status":"closed","ping_status":"open","template":"","meta":[],"class_list":["post-18521","product","type-product","status-publish","hentry","product_cat-accesorios-viaje","product_cat-viaje","product_tag-promoopcion"],"_links":{"self":[{"href":"http:\/\/119.8.7.19\/masterprom\/wp-json\/wp\/v2\/product\/18521","targetHints":{"allow":["GET"]}}],"collection":[{"href":"http:\/\/119.8.7.19\/masterprom\/wp-json\/wp\/v2\/product"}],"about":[{"href":"http:\/\/119.8.7.19\/masterprom\/wp-json\/wp\/v2\/types\/product"}],"replies":[{"embeddable":true,"href":"http:\/\/119.8.7.19\/masterprom\/wp-json\/wp\/v2\/comments?post=18521"}],"wp:attachment":[{"href":"http:\/\/119.8.7.19\/masterprom\/wp-json\/wp\/v2\/media?parent=18521"}],"curies":[{"name":"wp","href":"https:\/\/api.w.org\/{rel}","templated":true}]}}