{"id":18519,"date":"2021-04-20T22:27:34","date_gmt":"2021-04-21T03:27:34","guid":{"rendered":"http:\/\/119.8.7.19\/masterprom\/producto\/slf-004-2\/"},"modified":"2021-04-20T22:27:34","modified_gmt":"2021-04-21T03:27:34","slug":"slf-004-2","status":"publish","type":"product","link":"http:\/\/119.8.7.19\/masterprom\/producto\/slf-004-2\/","title":{"rendered":"SLF-004"},"content":{"rendered":"<p>Selfie stick Surna (selfie stick con cable y bot\u00f3n para tomar fotos. conector de 3.5 mm compatible con la entrada de audio del smartphone. El mango cuenta con bater\u00eda auxiliar desmontable de 2200 mAh. Extensi\u00f3n telesc\u00f3pica para mayor \u00e1ngulo de foto. Ranura anti-giro. No requiere bater\u00edas. Compatible con dispositivos Android 4.2.2 \/ IOS 5.0.1 o superior. Mide 68 cm extendido aproximadamente. Mecanismo ajustable para smartphones de 6 a 8 cm de ancho. Incluye estuche.che.) 999<\/p>\n","protected":false},"excerpt":{"rendered":"<p>Selfie stick Surna (selfie stick con cable y bot\u00f3n para tomar fotos. conector de 3.5 mm compatible con la entrada de audio del smartphone. El mango cuenta con bater\u00eda auxiliar desmontable de 2200 mAh. Extensi\u00f3n telesc\u00f3pica para mayor \u00e1ngulo de foto. Ranura anti-giro. No requiere bater\u00edas. Compatible con dispositivos Android 4.2.2 \/ IOS 5.0.1 o superior. Mide 68 cm extendido aproximadamente. Mecanismo ajustable para smartphones de 6 a 8 cm de ancho. Incluye estuche.che.) 5.4 x 27 cm Estuche \/ 2 x 24 cm Selfie Stick<\/p>\n","protected":false},"featured_media":0,"comment_status":"closed","ping_status":"open","template":"","meta":[],"class_list":["post-18519","product","type-product","status-publish","hentry","product_cat-accesorios-viaje","product_cat-viaje","product_tag-promoopcion","pa_detalle-especifico-5-4-x-27-cm-estuche-2-x-24-cm-selfie-stick"],"_links":{"self":[{"href":"http:\/\/119.8.7.19\/masterprom\/wp-json\/wp\/v2\/product\/18519","targetHints":{"allow":["GET"]}}],"collection":[{"href":"http:\/\/119.8.7.19\/masterprom\/wp-json\/wp\/v2\/product"}],"about":[{"href":"http:\/\/119.8.7.19\/masterprom\/wp-json\/wp\/v2\/types\/product"}],"replies":[{"embeddable":true,"href":"http:\/\/119.8.7.19\/masterprom\/wp-json\/wp\/v2\/comments?post=18519"}],"wp:attachment":[{"href":"http:\/\/119.8.7.19\/masterprom\/wp-json\/wp\/v2\/media?parent=18519"}],"curies":[{"name":"wp","href":"https:\/\/api.w.org\/{rel}","templated":true}]}}