{"id":18518,"date":"2021-04-20T22:27:34","date_gmt":"2021-04-21T03:27:34","guid":{"rendered":"http:\/\/119.8.7.19\/masterprom\/producto\/slf-003-2\/"},"modified":"2021-04-20T22:27:34","modified_gmt":"2021-04-21T03:27:34","slug":"slf-003-2","status":"publish","type":"product","link":"http:\/\/119.8.7.19\/masterprom\/producto\/slf-003-2\/","title":{"rendered":"SLF-003"},"content":{"rendered":"<p>Selfie stick samaja (selfie stick con cable y bot\u00f3n para tomar fotos. conector de 3.5 mm compatible con la entrada de audio del smartphone. Extensi\u00f3n telesc\u00f3pica para mayor \u00e1ngulo de foto. Ranura anti-giro. No requiere bater\u00edas. Compatible con dispositivos Android 4.2.2 \/ IOS 5.0.1 o superior. Mide 107 cm extendido aproximadamente. Mecanismo ajustable para smartphones de 6 a 8 cm de ancho. ) 999<\/p>\n","protected":false},"excerpt":{"rendered":"<p>Selfie stick samaja (selfie stick con cable y bot\u00f3n para tomar fotos. conector de 3.5 mm compatible con la entrada de audio del smartphone. Extensi\u00f3n telesc\u00f3pica para mayor \u00e1ngulo de foto. Ranura anti-giro. No requiere bater\u00edas. Compatible con dispositivos Android 4.2.2 \/ IOS 5.0.1 o superior. Mide 107 cm extendido aproximadamente. Mecanismo ajustable para smartphones de 6 a 8 cm de ancho. ) <\/p>\n","protected":false},"featured_media":0,"comment_status":"closed","ping_status":"open","template":"","meta":[],"class_list":["post-18518","product","type-product","status-publish","hentry","product_cat-accesorios-viaje","product_cat-viaje","product_tag-promoopcion"],"_links":{"self":[{"href":"http:\/\/119.8.7.19\/masterprom\/wp-json\/wp\/v2\/product\/18518","targetHints":{"allow":["GET"]}}],"collection":[{"href":"http:\/\/119.8.7.19\/masterprom\/wp-json\/wp\/v2\/product"}],"about":[{"href":"http:\/\/119.8.7.19\/masterprom\/wp-json\/wp\/v2\/types\/product"}],"replies":[{"embeddable":true,"href":"http:\/\/119.8.7.19\/masterprom\/wp-json\/wp\/v2\/comments?post=18518"}],"wp:attachment":[{"href":"http:\/\/119.8.7.19\/masterprom\/wp-json\/wp\/v2\/media?parent=18518"}],"curies":[{"name":"wp","href":"https:\/\/api.w.org\/{rel}","templated":true}]}}