{"id":18513,"date":"2021-04-20T22:27:31","date_gmt":"2021-04-21T03:27:31","guid":{"rendered":"http:\/\/119.8.7.19\/masterprom\/producto\/sin-905-3\/"},"modified":"2021-04-20T22:27:33","modified_gmt":"2021-04-21T03:27:33","slug":"sin-905-3","status":"publish","type":"product","link":"http:\/\/119.8.7.19\/masterprom\/producto\/sin-905-3\/","title":{"rendered":"SIN-905"},"content":{"rendered":"<p>Maleta venecia (maleta trolley 4 ruedas. incluye 4 compartimentos interiores, placa met\u00e1lica removible para f\u00e1cil grabado y candado de seguridad tsa con combinaci\u00f3n de 3 d\u00edgitos. ) 999<\/p>\n","protected":false},"excerpt":{"rendered":"<p>Maleta venecia (maleta trolley 4 ruedas. incluye 4 compartimentos interiores, placa met\u00e1lica removible para f\u00e1cil grabado y candado de seguridad tsa con combinaci\u00f3n de 3 d\u00edgitos. ) <\/p>\n","protected":false},"featured_media":0,"comment_status":"closed","ping_status":"open","template":"","meta":[],"class_list":["post-18513","product","type-product","status-publish","hentry","product_cat-accesorios-viaje","product_cat-viaje","product_tag-promoopcion"],"_links":{"self":[{"href":"http:\/\/119.8.7.19\/masterprom\/wp-json\/wp\/v2\/product\/18513","targetHints":{"allow":["GET"]}}],"collection":[{"href":"http:\/\/119.8.7.19\/masterprom\/wp-json\/wp\/v2\/product"}],"about":[{"href":"http:\/\/119.8.7.19\/masterprom\/wp-json\/wp\/v2\/types\/product"}],"replies":[{"embeddable":true,"href":"http:\/\/119.8.7.19\/masterprom\/wp-json\/wp\/v2\/comments?post=18513"}],"wp:attachment":[{"href":"http:\/\/119.8.7.19\/masterprom\/wp-json\/wp\/v2\/media?parent=18513"}],"curies":[{"name":"wp","href":"https:\/\/api.w.org\/{rel}","templated":true}]}}