{"id":18493,"date":"2021-04-20T22:27:27","date_gmt":"2021-04-21T03:27:27","guid":{"rendered":"http:\/\/119.8.7.19\/masterprom\/producto\/bas-004\/"},"modified":"2021-04-20T22:27:29","modified_gmt":"2021-04-21T03:27:29","slug":"bas-004","status":"publish","type":"product","link":"http:\/\/119.8.7.19\/masterprom\/producto\/bas-004\/","title":{"rendered":"BAS-004"},"content":{"rendered":"<p>B\u00e1scula Tiny (display digital. capacidad m\u00e1xima 40 kg. incluye correa y 1 bater\u00eda de bot\u00f3n. unidades de peso: kg y lb.) 999<\/p>\n","protected":false},"excerpt":{"rendered":"<p>B\u00e1scula Tiny (display digital. capacidad m\u00e1xima 40 kg. incluye correa y 1 bater\u00eda de bot\u00f3n. unidades de peso: kg y lb.) <\/p>\n","protected":false},"featured_media":0,"comment_status":"closed","ping_status":"open","template":"","meta":[],"class_list":["post-18493","product","type-product","status-publish","hentry","product_cat-accesorios-viaje","product_cat-viaje","product_tag-promoopcion"],"_links":{"self":[{"href":"http:\/\/119.8.7.19\/masterprom\/wp-json\/wp\/v2\/product\/18493","targetHints":{"allow":["GET"]}}],"collection":[{"href":"http:\/\/119.8.7.19\/masterprom\/wp-json\/wp\/v2\/product"}],"about":[{"href":"http:\/\/119.8.7.19\/masterprom\/wp-json\/wp\/v2\/types\/product"}],"replies":[{"embeddable":true,"href":"http:\/\/119.8.7.19\/masterprom\/wp-json\/wp\/v2\/comments?post=18493"}],"wp:attachment":[{"href":"http:\/\/119.8.7.19\/masterprom\/wp-json\/wp\/v2\/media?parent=18493"}],"curies":[{"name":"wp","href":"https:\/\/api.w.org\/{rel}","templated":true}]}}