{"id":18485,"date":"2021-04-20T22:27:27","date_gmt":"2021-04-21T03:27:27","guid":{"rendered":"http:\/\/119.8.7.19\/masterprom\/producto\/606751-3\/"},"modified":"2021-04-20T22:27:29","modified_gmt":"2021-04-21T03:27:29","slug":"606751-3","status":"publish","type":"product","link":"http:\/\/119.8.7.19\/masterprom\/producto\/606751-3\/","title":{"rendered":"606751"},"content":{"rendered":"<p>Altmont original, flapover digital bag, negro, \u0095 Hecho para la tecnolog\u00eda actual, este bolso compacto con solapa para llevar en bandolera es la manera perfecta de transportar su tableta todo el d\u00eda<br \/>\n\u0095 Interior multiusos optimizado para mantener todos sus art\u00edculos esenciales perfectamente organizados y f\u00e1cilmente accesibles, sin importar la ocasi\u00f3n \u0095 Bolsillo de malla con cierre, llavero, porta plumas, etiqueta para nombre 999<\/p>\n","protected":false},"excerpt":{"rendered":"<p>Altmont original, flapover digital bag, negro, \u0095 Hecho para la tecnolog\u00eda actual, este bolso compacto con solapa para llevar en bandolera es la manera perfecta de transportar su tableta todo el d\u00eda<br \/>\n\u0095 Interior multiusos optimizado para mantener todos sus art\u00edculos esenciales perfectamente organizados y f\u00e1cilmente accesibles, sin importar la ocasi\u00f3n \u0095 Bolsillo de malla con cierre, llavero, porta plumas, etiqueta para nombre <\/p>\n","protected":false},"featured_media":0,"comment_status":"closed","ping_status":"open","template":"","meta":[],"class_list":["post-18485","product","type-product","status-publish","hentry","product_cat-accesorios-viaje","product_cat-viaje","product_tag-victorinox"],"_links":{"self":[{"href":"http:\/\/119.8.7.19\/masterprom\/wp-json\/wp\/v2\/product\/18485","targetHints":{"allow":["GET"]}}],"collection":[{"href":"http:\/\/119.8.7.19\/masterprom\/wp-json\/wp\/v2\/product"}],"about":[{"href":"http:\/\/119.8.7.19\/masterprom\/wp-json\/wp\/v2\/types\/product"}],"replies":[{"embeddable":true,"href":"http:\/\/119.8.7.19\/masterprom\/wp-json\/wp\/v2\/comments?post=18485"}],"wp:attachment":[{"href":"http:\/\/119.8.7.19\/masterprom\/wp-json\/wp\/v2\/media?parent=18485"}],"curies":[{"name":"wp","href":"https:\/\/api.w.org\/{rel}","templated":true}]}}