{"id":18483,"date":"2021-04-20T22:27:27","date_gmt":"2021-04-21T03:27:27","guid":{"rendered":"http:\/\/119.8.7.19\/masterprom\/producto\/31172801-2\/"},"modified":"2021-04-20T22:27:28","modified_gmt":"2021-04-21T03:27:28","slug":"31172801-2","status":"publish","type":"product","link":"http:\/\/119.8.7.19\/masterprom\/producto\/31172801-2\/","title":{"rendered":"31172801"},"content":{"rendered":"<p>4.0 Organizador de documentos negro c\/protecci\u00f3n rfid, nyl. \u0095 Organice sus documentos y conserve segura su informaci\u00f3n personal con la protecci\u00f3n RFID \u0095 Interior con un bolsillo de gran tama\u00f1o, un bolsillo con cremallera todo alrededor para pasaporte, billetes y dinero, ranuras para<br \/>\ntarjetas de cr\u00e9dito, monedero de micromalla de sat\u00e9n y ranura de micromalla de sat\u00e9n para el documento de identidad \u0095 Bolsillo trasero para guardar objetos a los que se debe acceder<br \/>\nr\u00e1pidamente 999<\/p>\n","protected":false},"excerpt":{"rendered":"<p>4.0 Organizador de documentos negro c\/protecci\u00f3n rfid, nyl. \u0095 Organice sus documentos y conserve segura su informaci\u00f3n personal con la protecci\u00f3n RFID \u0095 Interior con un bolsillo de gran tama\u00f1o, un bolsillo con cremallera todo alrededor para pasaporte, billetes y dinero, ranuras para<br \/>\ntarjetas de cr\u00e9dito, monedero de micromalla de sat\u00e9n y ranura de micromalla de sat\u00e9n para el documento de identidad \u0095 Bolsillo trasero para guardar objetos a los que se debe acceder<br \/>\nr\u00e1pidamente <\/p>\n","protected":false},"featured_media":0,"comment_status":"closed","ping_status":"open","template":"","meta":[],"class_list":["post-18483","product","type-product","status-publish","hentry","product_cat-accesorios-viaje","product_cat-viaje","product_tag-victorinox"],"_links":{"self":[{"href":"http:\/\/119.8.7.19\/masterprom\/wp-json\/wp\/v2\/product\/18483","targetHints":{"allow":["GET"]}}],"collection":[{"href":"http:\/\/119.8.7.19\/masterprom\/wp-json\/wp\/v2\/product"}],"about":[{"href":"http:\/\/119.8.7.19\/masterprom\/wp-json\/wp\/v2\/types\/product"}],"replies":[{"embeddable":true,"href":"http:\/\/119.8.7.19\/masterprom\/wp-json\/wp\/v2\/comments?post=18483"}],"wp:attachment":[{"href":"http:\/\/119.8.7.19\/masterprom\/wp-json\/wp\/v2\/media?parent=18483"}],"curies":[{"name":"wp","href":"https:\/\/api.w.org\/{rel}","templated":true}]}}