{"id":18482,"date":"2021-04-20T22:27:27","date_gmt":"2021-04-21T03:27:27","guid":{"rendered":"http:\/\/119.8.7.19\/masterprom\/producto\/31172201-2\/"},"modified":"2021-04-20T22:27:28","modified_gmt":"2021-04-21T03:27:28","slug":"31172201-2","status":"publish","type":"product","link":"http:\/\/119.8.7.19\/masterprom\/producto\/31172201-2\/","title":{"rendered":"31172201"},"content":{"rendered":"<p>4.0 Funda nga para pasaporte con protecci\u00f3n rfid, nylon, \u0095 Lleve su pasaporte, su carn\u00e9 de identidad con foto y sus tarjetas de cr\u00e9dito de forma segura con este organizador con protecci\u00f3n<br \/>\nRFID \u0095 La cinta el\u00e1stica mantiene la cartera cerrada y segura 999<\/p>\n","protected":false},"excerpt":{"rendered":"<p>4.0 Funda nga para pasaporte con protecci\u00f3n rfid, nylon, \u0095 Lleve su pasaporte, su carn\u00e9 de identidad con foto y sus tarjetas de cr\u00e9dito de forma segura con este organizador con protecci\u00f3n<br \/>\nRFID \u0095 La cinta el\u00e1stica mantiene la cartera cerrada y segura <\/p>\n","protected":false},"featured_media":0,"comment_status":"closed","ping_status":"open","template":"","meta":[],"class_list":["post-18482","product","type-product","status-publish","hentry","product_cat-accesorios-viaje","product_cat-viaje","product_tag-victorinox"],"_links":{"self":[{"href":"http:\/\/119.8.7.19\/masterprom\/wp-json\/wp\/v2\/product\/18482","targetHints":{"allow":["GET"]}}],"collection":[{"href":"http:\/\/119.8.7.19\/masterprom\/wp-json\/wp\/v2\/product"}],"about":[{"href":"http:\/\/119.8.7.19\/masterprom\/wp-json\/wp\/v2\/types\/product"}],"replies":[{"embeddable":true,"href":"http:\/\/119.8.7.19\/masterprom\/wp-json\/wp\/v2\/comments?post=18482"}],"wp:attachment":[{"href":"http:\/\/119.8.7.19\/masterprom\/wp-json\/wp\/v2\/media?parent=18482"}],"curies":[{"name":"wp","href":"https:\/\/api.w.org\/{rel}","templated":true}]}}