{"id":18475,"date":"2021-04-20T22:27:27","date_gmt":"2021-04-21T03:27:27","guid":{"rendered":"http:\/\/119.8.7.19\/masterprom\/producto\/pe51005-2\/"},"modified":"2021-04-20T22:27:27","modified_gmt":"2021-04-21T03:27:27","slug":"pe51005-2","status":"publish","type":"product","link":"http:\/\/119.8.7.19\/masterprom\/producto\/pe51005-2\/","title":{"rendered":"PE51005"},"content":{"rendered":"<p>Organizador de viaje elleven, Compartimiento principal con cierre. Bolsillo frontal de cierre que incluye un panel organizador de bandas el\u00e1sticas para un mayor almacenaje y organizaci\u00f3n. Cuenta con un organizador de bandas el\u00e1sticas al interior del panel frontal. Bolsillo acojinado frontal, agarradera lateral. Dise\u00f1o multifuncional, usos como organizador de accesorios electr\u00f3nicos y cables, peque\u00f1o kit o estuche personal de Golf. 999<\/p>\n","protected":false},"excerpt":{"rendered":"<p>Organizador de viaje elleven, Compartimiento principal con cierre. Bolsillo frontal de cierre que incluye un panel organizador de bandas el\u00e1sticas para un mayor almacenaje y organizaci\u00f3n. Cuenta con un organizador de bandas el\u00e1sticas al interior del panel frontal. Bolsillo acojinado frontal, agarradera lateral. Dise\u00f1o multifuncional, usos como organizador de accesorios electr\u00f3nicos y cables, peque\u00f1o kit o estuche personal de Golf. <\/p>\n","protected":false},"featured_media":0,"comment_status":"closed","ping_status":"open","template":"","meta":[],"class_list":["post-18475","product","type-product","status-publish","hentry","product_cat-accesorios-viaje","product_cat-viaje","product_tag-promoline"],"_links":{"self":[{"href":"http:\/\/119.8.7.19\/masterprom\/wp-json\/wp\/v2\/product\/18475","targetHints":{"allow":["GET"]}}],"collection":[{"href":"http:\/\/119.8.7.19\/masterprom\/wp-json\/wp\/v2\/product"}],"about":[{"href":"http:\/\/119.8.7.19\/masterprom\/wp-json\/wp\/v2\/types\/product"}],"replies":[{"embeddable":true,"href":"http:\/\/119.8.7.19\/masterprom\/wp-json\/wp\/v2\/comments?post=18475"}],"wp:attachment":[{"href":"http:\/\/119.8.7.19\/masterprom\/wp-json\/wp\/v2\/media?parent=18475"}],"curies":[{"name":"wp","href":"https:\/\/api.w.org\/{rel}","templated":true}]}}