{"id":18474,"date":"2021-04-20T22:27:24","date_gmt":"2021-04-21T03:27:24","guid":{"rendered":"http:\/\/119.8.7.19\/masterprom\/producto\/pe51007\/"},"modified":"2021-04-20T22:27:27","modified_gmt":"2021-04-21T03:27:27","slug":"pe51007","status":"publish","type":"product","link":"http:\/\/119.8.7.19\/masterprom\/producto\/pe51007\/","title":{"rendered":"PE51007"},"content":{"rendered":"<p>Cartera de viaje traverse rfi elleven, Aerodinamiza tus viajes de negocios con la colecci\u00f3n de elleven\u0099 Traverse. Con tecnolog\u00eda RFID que te protege de clonaci\u00f3n de tarjetas de cr\u00e9dito y robo de identidad. Cartera con bastantes contenidos para los viajes, tanto al exterior como interior tiene bolsillos y espacios para boletos de avi\u00f3n, pasaporte y otros documentos de viaje. incluye un bolsillo de malla privado para credenciales, banda el\u00e1stica para bol\u00edgrafos y tarjetero para tarjetas de cr\u00e9dito. Perfecta para viajes nacionales o internacionales. 999<\/p>\n","protected":false},"excerpt":{"rendered":"<p>Cartera de viaje traverse rfi elleven, Aerodinamiza tus viajes de negocios con la colecci\u00f3n de elleven\u0099 Traverse. Con tecnolog\u00eda RFID que te protege de clonaci\u00f3n de tarjetas de cr\u00e9dito y robo de identidad. Cartera con bastantes contenidos para los viajes, tanto al exterior como interior tiene bolsillos y espacios para boletos de avi\u00f3n, pasaporte y otros documentos de viaje. incluye un bolsillo de malla privado para credenciales, banda el\u00e1stica para bol\u00edgrafos y tarjetero para tarjetas de cr\u00e9dito. Perfecta para viajes nacionales o internacionales. <\/p>\n","protected":false},"featured_media":0,"comment_status":"closed","ping_status":"open","template":"","meta":[],"class_list":["post-18474","product","type-product","status-publish","hentry","product_cat-accesorios-viaje","product_cat-viaje","product_tag-promoline"],"_links":{"self":[{"href":"http:\/\/119.8.7.19\/masterprom\/wp-json\/wp\/v2\/product\/18474","targetHints":{"allow":["GET"]}}],"collection":[{"href":"http:\/\/119.8.7.19\/masterprom\/wp-json\/wp\/v2\/product"}],"about":[{"href":"http:\/\/119.8.7.19\/masterprom\/wp-json\/wp\/v2\/types\/product"}],"replies":[{"embeddable":true,"href":"http:\/\/119.8.7.19\/masterprom\/wp-json\/wp\/v2\/comments?post=18474"}],"wp:attachment":[{"href":"http:\/\/119.8.7.19\/masterprom\/wp-json\/wp\/v2\/media?parent=18474"}],"curies":[{"name":"wp","href":"https:\/\/api.w.org\/{rel}","templated":true}]}}