{"id":18469,"date":"2021-04-20T22:27:24","date_gmt":"2021-04-21T03:27:24","guid":{"rendered":"http:\/\/119.8.7.19\/masterprom\/producto\/71-681-3\/"},"modified":"2021-04-20T22:27:26","modified_gmt":"2021-04-21T03:27:26","slug":"71-681-3","status":"publish","type":"product","link":"http:\/\/119.8.7.19\/masterprom\/producto\/71-681-3\/","title":{"rendered":"71-681"},"content":{"rendered":"<p>Buzz l\u00ednea de viaje &#8220;Buzz&#8221; ha sido dise\u00f1ada pensando en el profesional viajero activo. Minimalista y altamente funcional, esta mochila es el perfecto compa\u00f1ero de viaje pr\u00e1ctico y elegante -Cerruti 1881- 999<\/p>\n","protected":false},"excerpt":{"rendered":"<p>Buzz l\u00ednea de viaje &#8220;Buzz&#8221; ha sido dise\u00f1ada pensando en el profesional viajero activo. Minimalista y altamente funcional, esta mochila es el perfecto compa\u00f1ero de viaje pr\u00e1ctico y elegante -Cerruti 1881- <\/p>\n","protected":false},"featured_media":0,"comment_status":"closed","ping_status":"open","template":"","meta":[],"class_list":["post-18469","product","type-product","status-publish","hentry","product_cat-accesorios-viaje","product_cat-viaje","product_tag-blestar"],"_links":{"self":[{"href":"http:\/\/119.8.7.19\/masterprom\/wp-json\/wp\/v2\/product\/18469","targetHints":{"allow":["GET"]}}],"collection":[{"href":"http:\/\/119.8.7.19\/masterprom\/wp-json\/wp\/v2\/product"}],"about":[{"href":"http:\/\/119.8.7.19\/masterprom\/wp-json\/wp\/v2\/types\/product"}],"replies":[{"embeddable":true,"href":"http:\/\/119.8.7.19\/masterprom\/wp-json\/wp\/v2\/comments?post=18469"}],"wp:attachment":[{"href":"http:\/\/119.8.7.19\/masterprom\/wp-json\/wp\/v2\/media?parent=18469"}],"curies":[{"name":"wp","href":"https:\/\/api.w.org\/{rel}","templated":true}]}}