{"id":18468,"date":"2021-04-20T22:27:24","date_gmt":"2021-04-21T03:27:24","guid":{"rendered":"http:\/\/119.8.7.19\/masterprom\/producto\/29-504-2\/"},"modified":"2021-04-20T22:27:26","modified_gmt":"2021-04-21T03:27:26","slug":"29-504-2","status":"publish","type":"product","link":"http:\/\/119.8.7.19\/masterprom\/producto\/29-504-2\/","title":{"rendered":"29-504"},"content":{"rendered":"<p>Organizador para accesorios digitales. El mejor compa\u00f1ero para mantener tus accesorios digitales y de viaje organizados. Est\u00e1 fabricado con material repelente al agua de alta calidad, dise\u00f1o pr\u00e1ctico proporciona una gran flexibilidad para organizar sus accesorios: 6 lazos el\u00e1sticos para cables, bol\u00edgrafos, cepillos y herramientas, etc. 3 bolsillos de malla para USB, tarjeta SD, tarjeta SIM u otros art\u00edculos peque\u00f1os 2 bolsillos abiertos para cargador, rat\u00f3n, adaptador de corriente, etc. 999<\/p>\n","protected":false},"excerpt":{"rendered":"<p>Organizador para accesorios digitales. El mejor compa\u00f1ero para mantener tus accesorios digitales y de viaje organizados. Est\u00e1 fabricado con material repelente al agua de alta calidad, dise\u00f1o pr\u00e1ctico proporciona una gran flexibilidad para organizar sus accesorios: 6 lazos el\u00e1sticos para cables, bol\u00edgrafos, cepillos y herramientas, etc. 3 bolsillos de malla para USB, tarjeta SD, tarjeta SIM u otros art\u00edculos peque\u00f1os 2 bolsillos abiertos para cargador, rat\u00f3n, adaptador de corriente, etc. <\/p>\n","protected":false},"featured_media":0,"comment_status":"closed","ping_status":"open","template":"","meta":[],"class_list":["post-18468","product","type-product","status-publish","hentry","product_cat-accesorios-viaje","product_cat-viaje","product_tag-blestar"],"_links":{"self":[{"href":"http:\/\/119.8.7.19\/masterprom\/wp-json\/wp\/v2\/product\/18468","targetHints":{"allow":["GET"]}}],"collection":[{"href":"http:\/\/119.8.7.19\/masterprom\/wp-json\/wp\/v2\/product"}],"about":[{"href":"http:\/\/119.8.7.19\/masterprom\/wp-json\/wp\/v2\/types\/product"}],"replies":[{"embeddable":true,"href":"http:\/\/119.8.7.19\/masterprom\/wp-json\/wp\/v2\/comments?post=18468"}],"wp:attachment":[{"href":"http:\/\/119.8.7.19\/masterprom\/wp-json\/wp\/v2\/media?parent=18468"}],"curies":[{"name":"wp","href":"https:\/\/api.w.org\/{rel}","templated":true}]}}