{"id":18452,"date":"2021-04-20T22:27:21","date_gmt":"2021-04-21T03:27:21","guid":{"rendered":"http:\/\/119.8.7.19\/masterprom\/producto\/pas-mod\/"},"modified":"2021-04-20T22:27:23","modified_gmt":"2021-04-21T03:27:23","slug":"pas-mod","status":"publish","type":"product","link":"http:\/\/119.8.7.19\/masterprom\/producto\/pas-mod\/","title":{"rendered":"PAS MOD"},"content":{"rendered":"<p>Porta Pasaporte Modernum, nuevo dise\u00f1o, fabricado en poli\u00e9ster y detalles en curpiel. Ahora con placa met\u00e1lica que permite grabado l\u00e1ser con mayor definici\u00f3n y contraste. M\u00faltiples compartimentos interiores y exteriores. Uno de ellos particularmente \u00fatil para guardar el efectivo, ya que cuenta con cierre independiente. 999<\/p>\n","protected":false},"excerpt":{"rendered":"<p>Porta Pasaporte Modernum, nuevo dise\u00f1o, fabricado en poli\u00e9ster y detalles en curpiel. Ahora con placa met\u00e1lica que permite grabado l\u00e1ser con mayor definici\u00f3n y contraste. M\u00faltiples compartimentos interiores y exteriores. Uno de ellos particularmente \u00fatil para guardar el efectivo, ya que cuenta con cierre independiente. <\/p>\n","protected":false},"featured_media":0,"comment_status":"closed","ping_status":"open","template":"","meta":[],"class_list":["post-18452","product","type-product","status-publish","hentry","product_cat-accesorios-viaje","product_cat-viaje","product_tag-g4"],"_links":{"self":[{"href":"http:\/\/119.8.7.19\/masterprom\/wp-json\/wp\/v2\/product\/18452","targetHints":{"allow":["GET"]}}],"collection":[{"href":"http:\/\/119.8.7.19\/masterprom\/wp-json\/wp\/v2\/product"}],"about":[{"href":"http:\/\/119.8.7.19\/masterprom\/wp-json\/wp\/v2\/types\/product"}],"replies":[{"embeddable":true,"href":"http:\/\/119.8.7.19\/masterprom\/wp-json\/wp\/v2\/comments?post=18452"}],"wp:attachment":[{"href":"http:\/\/119.8.7.19\/masterprom\/wp-json\/wp\/v2\/media?parent=18452"}],"curies":[{"name":"wp","href":"https:\/\/api.w.org\/{rel}","templated":true}]}}