{"id":18451,"date":"2021-04-20T22:27:21","date_gmt":"2021-04-21T03:27:21","guid":{"rendered":"http:\/\/119.8.7.19\/masterprom\/producto\/org-wav-2\/"},"modified":"2021-04-20T22:27:23","modified_gmt":"2021-04-21T03:27:23","slug":"org-wav-2","status":"publish","type":"product","link":"http:\/\/119.8.7.19\/masterprom\/producto\/org-wav-2\/","title":{"rendered":"ORG WAV"},"content":{"rendered":"<p>Organizador Wagner Vanity, multi usos unisex. Fabricado en poli\u00e9ster. Cierre de la m\u00e1s alta calidad y tira cierre con marca presente. Ideal para llevar tus art\u00edculos de aseo personal. Cuenta con bandas el\u00e1sticas de sujeci\u00f3n y compartimiento interior de malla. Llena el check list de acuerdo a tus necesidades para que jam\u00e1s olvides lo ndispensable. 999<\/p>\n","protected":false},"excerpt":{"rendered":"<p>Organizador Wagner Vanity, multi usos unisex. Fabricado en poli\u00e9ster. Cierre de la m\u00e1s alta calidad y tira cierre con marca presente. Ideal para llevar tus art\u00edculos de aseo personal. Cuenta con bandas el\u00e1sticas de sujeci\u00f3n y compartimiento interior de malla. Llena el check list de acuerdo a tus necesidades para que jam\u00e1s olvides lo ndispensable. <\/p>\n","protected":false},"featured_media":0,"comment_status":"closed","ping_status":"open","template":"","meta":[],"class_list":["post-18451","product","type-product","status-publish","hentry","product_cat-accesorios-viaje","product_cat-viaje","product_tag-g4"],"_links":{"self":[{"href":"http:\/\/119.8.7.19\/masterprom\/wp-json\/wp\/v2\/product\/18451","targetHints":{"allow":["GET"]}}],"collection":[{"href":"http:\/\/119.8.7.19\/masterprom\/wp-json\/wp\/v2\/product"}],"about":[{"href":"http:\/\/119.8.7.19\/masterprom\/wp-json\/wp\/v2\/types\/product"}],"replies":[{"embeddable":true,"href":"http:\/\/119.8.7.19\/masterprom\/wp-json\/wp\/v2\/comments?post=18451"}],"wp:attachment":[{"href":"http:\/\/119.8.7.19\/masterprom\/wp-json\/wp\/v2\/media?parent=18451"}],"curies":[{"name":"wp","href":"https:\/\/api.w.org\/{rel}","templated":true}]}}