{"id":18450,"date":"2021-04-20T22:27:21","date_gmt":"2021-04-21T03:27:21","guid":{"rendered":"http:\/\/119.8.7.19\/masterprom\/producto\/cpc-waf-2\/"},"modified":"2021-04-20T22:27:23","modified_gmt":"2021-04-21T03:27:23","slug":"cpc-waf-2","status":"publish","type":"product","link":"http:\/\/119.8.7.19\/masterprom\/producto\/cpc-waf-2\/","title":{"rendered":"CPC WAF"},"content":{"rendered":"<p>Cartera para celular marca Wagner. Capacidad para 6 tarjetas. Ideal para llevar dinero y tarjetas de uso frecuente en tu equipo m\u00f3vil. Banda el\u00e1stica para sujetarla f\u00e1cilmente. Placa de aluminio negro<br \/>\npermite grabado de alto contraste. Sistema de protecci\u00f3n RFID (Radio Frecuencia Identificaci\u00f3n). Evita escaneo de+D28 tarjetas de cr\u00e9dito. Funciona con pegamento 3M, que permite adherirla en la<br \/>\nmayor\u00eda de las fundas para celular. Se pega de manera permanente en la superficie que elijas. Incluye estuche individual. 999<\/p>\n","protected":false},"excerpt":{"rendered":"<p>Cartera para celular marca Wagner. Capacidad para 6 tarjetas. Ideal para llevar dinero y tarjetas de uso frecuente en tu equipo m\u00f3vil. Banda el\u00e1stica para sujetarla f\u00e1cilmente. Placa de aluminio negro<br \/>\npermite grabado de alto contraste. Sistema de protecci\u00f3n RFID (Radio Frecuencia Identificaci\u00f3n). Evita escaneo de+D28 tarjetas de cr\u00e9dito. Funciona con pegamento 3M, que permite adherirla en la<br \/>\nmayor\u00eda de las fundas para celular. Se pega de manera permanente en la superficie que elijas. Incluye estuche individual. <\/p>\n","protected":false},"featured_media":0,"comment_status":"closed","ping_status":"open","template":"","meta":[],"class_list":["post-18450","product","type-product","status-publish","hentry","product_cat-accesorios-viaje","product_cat-viaje","product_tag-g4"],"_links":{"self":[{"href":"http:\/\/119.8.7.19\/masterprom\/wp-json\/wp\/v2\/product\/18450","targetHints":{"allow":["GET"]}}],"collection":[{"href":"http:\/\/119.8.7.19\/masterprom\/wp-json\/wp\/v2\/product"}],"about":[{"href":"http:\/\/119.8.7.19\/masterprom\/wp-json\/wp\/v2\/types\/product"}],"replies":[{"embeddable":true,"href":"http:\/\/119.8.7.19\/masterprom\/wp-json\/wp\/v2\/comments?post=18450"}],"wp:attachment":[{"href":"http:\/\/119.8.7.19\/masterprom\/wp-json\/wp\/v2\/media?parent=18450"}],"curies":[{"name":"wp","href":"https:\/\/api.w.org\/{rel}","templated":true}]}}