{"id":18447,"date":"2021-04-20T22:27:21","date_gmt":"2021-04-21T03:27:21","guid":{"rendered":"http:\/\/119.8.7.19\/masterprom\/producto\/est-fug-2\/"},"modified":"2021-04-20T22:27:23","modified_gmt":"2021-04-21T03:27:23","slug":"est-fug-2","status":"publish","type":"product","link":"http:\/\/119.8.7.19\/masterprom\/producto\/est-fug-2\/","title":{"rendered":"EST FUG"},"content":{"rendered":"<p>Estuche r\u00edgido port\u00e1til marca TAKAYAMA. A prueba de golpes y resistente a la presi\u00f3n. Tira cierre con marca presente. Recomendado para organizar art\u00edculos peque\u00f1os, como auriculares, cables, tarjetas de memoria, power bank, adaptadores, USB, etc. Bolsa interior con malla y banda el\u00e1stica de sujeci\u00f3n para llevar todos tus accesorios organizados. Suave tela interior que ofrece eficaz protecci\u00f3n evitando rayaduras. 999<\/p>\n","protected":false},"excerpt":{"rendered":"<p>Estuche r\u00edgido port\u00e1til marca TAKAYAMA. A prueba de golpes y resistente a la presi\u00f3n. Tira cierre con marca presente. Recomendado para organizar art\u00edculos peque\u00f1os, como auriculares, cables, tarjetas de memoria, power bank, adaptadores, USB, etc. Bolsa interior con malla y banda el\u00e1stica de sujeci\u00f3n para llevar todos tus accesorios organizados. Suave tela interior que ofrece eficaz protecci\u00f3n evitando rayaduras. <\/p>\n","protected":false},"featured_media":0,"comment_status":"closed","ping_status":"open","template":"","meta":[],"class_list":["post-18447","product","type-product","status-publish","hentry","product_cat-accesorios-viaje","product_cat-viaje","product_tag-g4"],"_links":{"self":[{"href":"http:\/\/119.8.7.19\/masterprom\/wp-json\/wp\/v2\/product\/18447","targetHints":{"allow":["GET"]}}],"collection":[{"href":"http:\/\/119.8.7.19\/masterprom\/wp-json\/wp\/v2\/product"}],"about":[{"href":"http:\/\/119.8.7.19\/masterprom\/wp-json\/wp\/v2\/types\/product"}],"replies":[{"embeddable":true,"href":"http:\/\/119.8.7.19\/masterprom\/wp-json\/wp\/v2\/comments?post=18447"}],"wp:attachment":[{"href":"http:\/\/119.8.7.19\/masterprom\/wp-json\/wp\/v2\/media?parent=18447"}],"curies":[{"name":"wp","href":"https:\/\/api.w.org\/{rel}","templated":true}]}}