{"id":18446,"date":"2021-04-20T22:27:21","date_gmt":"2021-04-21T03:27:21","guid":{"rendered":"http:\/\/119.8.7.19\/masterprom\/producto\/pas-chi\/"},"modified":"2021-04-20T22:27:22","modified_gmt":"2021-04-21T03:27:22","slug":"pas-chi","status":"publish","type":"product","link":"http:\/\/119.8.7.19\/masterprom\/producto\/pas-chi\/","title":{"rendered":"PAS CHI"},"content":{"rendered":"<p>Porta pasaporte tipo billetera marca TAKAYAMA. Combinaci\u00f3n de 2 texturas en curpiel color negro. Cuenta con espacio para 5 tarjetas, y el\u00e1stico multi usos. Incluye bol\u00edgrafo Minimal. 999<\/p>\n","protected":false},"excerpt":{"rendered":"<p>Porta pasaporte tipo billetera marca TAKAYAMA. Combinaci\u00f3n de 2 texturas en curpiel color negro. Cuenta con espacio para 5 tarjetas, y el\u00e1stico multi usos. Incluye bol\u00edgrafo Minimal. <\/p>\n","protected":false},"featured_media":0,"comment_status":"closed","ping_status":"open","template":"","meta":[],"class_list":["post-18446","product","type-product","status-publish","hentry","product_cat-accesorios-viaje","product_cat-viaje","product_tag-g4"],"_links":{"self":[{"href":"http:\/\/119.8.7.19\/masterprom\/wp-json\/wp\/v2\/product\/18446","targetHints":{"allow":["GET"]}}],"collection":[{"href":"http:\/\/119.8.7.19\/masterprom\/wp-json\/wp\/v2\/product"}],"about":[{"href":"http:\/\/119.8.7.19\/masterprom\/wp-json\/wp\/v2\/types\/product"}],"replies":[{"embeddable":true,"href":"http:\/\/119.8.7.19\/masterprom\/wp-json\/wp\/v2\/comments?post=18446"}],"wp:attachment":[{"href":"http:\/\/119.8.7.19\/masterprom\/wp-json\/wp\/v2\/media?parent=18446"}],"curies":[{"name":"wp","href":"https:\/\/api.w.org\/{rel}","templated":true}]}}