{"id":18442,"date":"2021-04-20T22:27:21","date_gmt":"2021-04-21T03:27:21","guid":{"rendered":"http:\/\/119.8.7.19\/masterprom\/producto\/2tt5838-3\/"},"modified":"2021-04-20T22:27:22","modified_gmt":"2021-04-21T03:27:22","slug":"2tt5838-3","status":"publish","type":"product","link":"http:\/\/119.8.7.19\/masterprom\/producto\/2tt5838-3\/","title":{"rendered":"2TT5838"},"content":{"rendered":"<p>Estuche de viaje con recipientes t\u00e9rmicos, correa ajustable, interior plastificado, bolsas de malla y cierre. Incluye: un termo con tapa-vaso de rosca. CAP. 500 ml. Dos tazas t\u00e9rmicas CAP. 200 ml. y dos cucharas de acero inoxidable. Estuche de poli\u00e9ster. 999<\/p>\n","protected":false},"excerpt":{"rendered":"<p>Estuche de viaje con recipientes t\u00e9rmicos, correa ajustable, interior plastificado, bolsas de malla y cierre. Incluye: un termo con tapa-vaso de rosca. CAP. 500 ml. Dos tazas t\u00e9rmicas CAP. 200 ml. y dos cucharas de acero inoxidable. Estuche de poli\u00e9ster. TER \u00d8 7 x 27 cm TZ \u00d8 8 x 7 cm<\/p>\n","protected":false},"featured_media":0,"comment_status":"closed","ping_status":"open","template":"","meta":[],"class_list":["post-18442","product","type-product","status-publish","hentry","product_cat-accesorios-viaje","product_cat-viaje","product_tag-winideas","pa_detalle-especifico-ter-o-7-x-27-cm-tz-o-8-x-7-cm"],"_links":{"self":[{"href":"http:\/\/119.8.7.19\/masterprom\/wp-json\/wp\/v2\/product\/18442","targetHints":{"allow":["GET"]}}],"collection":[{"href":"http:\/\/119.8.7.19\/masterprom\/wp-json\/wp\/v2\/product"}],"about":[{"href":"http:\/\/119.8.7.19\/masterprom\/wp-json\/wp\/v2\/types\/product"}],"replies":[{"embeddable":true,"href":"http:\/\/119.8.7.19\/masterprom\/wp-json\/wp\/v2\/comments?post=18442"}],"wp:attachment":[{"href":"http:\/\/119.8.7.19\/masterprom\/wp-json\/wp\/v2\/media?parent=18442"}],"curies":[{"name":"wp","href":"https:\/\/api.w.org\/{rel}","templated":true}]}}