{"id":18432,"date":"2021-04-20T22:23:22","date_gmt":"2021-04-21T03:23:22","guid":{"rendered":"http:\/\/119.8.7.19\/masterprom\/producto\/spo-008-2\/"},"modified":"2021-04-20T22:23:23","modified_gmt":"2021-04-21T03:23:23","slug":"spo-008-2","status":"publish","type":"product","link":"http:\/\/119.8.7.19\/masterprom\/producto\/spo-008-2\/","title":{"rendered":"SPO-008"},"content":{"rendered":"<p>Mini bal\u00f3n de f\u00fatbol americano (c\u00e1mara de l\u00e1tex natural centrifugado. peso 90 gr. nivel m\u00e1ximo de presi\u00f3n 2-3 libras.) No. 2<\/p>\n","protected":false},"excerpt":{"rendered":"<p>Mini bal\u00f3n de f\u00fatbol americano (c\u00e1mara de l\u00e1tex natural centrifugado. peso 90 gr. nivel m\u00e1ximo de presi\u00f3n 2-3 libras.) No. 2<\/p>\n","protected":false},"featured_media":0,"comment_status":"closed","ping_status":"open","template":"","meta":[],"class_list":["post-18432","product","type-product","status-publish","hentry","product_cat-tiempo-libre","product_cat-varios-tiempo-libre","product_tag-promoopcion","pa_detalle-especifico-no-2","pa_tipo-no-2"],"_links":{"self":[{"href":"http:\/\/119.8.7.19\/masterprom\/wp-json\/wp\/v2\/product\/18432","targetHints":{"allow":["GET"]}}],"collection":[{"href":"http:\/\/119.8.7.19\/masterprom\/wp-json\/wp\/v2\/product"}],"about":[{"href":"http:\/\/119.8.7.19\/masterprom\/wp-json\/wp\/v2\/types\/product"}],"replies":[{"embeddable":true,"href":"http:\/\/119.8.7.19\/masterprom\/wp-json\/wp\/v2\/comments?post=18432"}],"wp:attachment":[{"href":"http:\/\/119.8.7.19\/masterprom\/wp-json\/wp\/v2\/media?parent=18432"}],"curies":[{"name":"wp","href":"https:\/\/api.w.org\/{rel}","templated":true}]}}