{"id":18422,"date":"2021-04-20T22:23:18","date_gmt":"2021-04-21T03:23:18","guid":{"rendered":"http:\/\/119.8.7.19\/masterprom\/producto\/pe51105-2\/"},"modified":"2021-04-20T22:23:20","modified_gmt":"2021-04-21T03:23:20","slug":"pe51105-2","status":"publish","type":"product","link":"http:\/\/119.8.7.19\/masterprom\/producto\/pe51105-2\/","title":{"rendered":"PE51105"},"content":{"rendered":"<p>Brazalete Multifunci\u00f3n con Luz LED, para luz intermitente deslizar el bot\u00f3n de encendido hacia la izquierda, para luz fija deslizar hacia la derecha, ponga el bot\u00f3n de encendido a la mitad para apagar. <\/p>\n","protected":false},"excerpt":{"rendered":"<p>Brazalete Multifunci\u00f3n con Luz LED, para luz intermitente deslizar el bot\u00f3n de encendido hacia la izquierda, para luz fija deslizar hacia la derecha, ponga el bot\u00f3n de encendido a la mitad para apagar. <\/p>\n","protected":false},"featured_media":0,"comment_status":"closed","ping_status":"open","template":"","meta":[],"class_list":["post-18422","product","type-product","status-publish","hentry","product_cat-tiempo-libre","product_cat-varios-tiempo-libre","product_tag-promoline"],"_links":{"self":[{"href":"http:\/\/119.8.7.19\/masterprom\/wp-json\/wp\/v2\/product\/18422","targetHints":{"allow":["GET"]}}],"collection":[{"href":"http:\/\/119.8.7.19\/masterprom\/wp-json\/wp\/v2\/product"}],"about":[{"href":"http:\/\/119.8.7.19\/masterprom\/wp-json\/wp\/v2\/types\/product"}],"replies":[{"embeddable":true,"href":"http:\/\/119.8.7.19\/masterprom\/wp-json\/wp\/v2\/comments?post=18422"}],"wp:attachment":[{"href":"http:\/\/119.8.7.19\/masterprom\/wp-json\/wp\/v2\/media?parent=18422"}],"curies":[{"name":"wp","href":"https:\/\/api.w.org\/{rel}","templated":true}]}}