{"id":18416,"date":"2021-04-20T22:23:18","date_gmt":"2021-04-21T03:23:18","guid":{"rendered":"http:\/\/119.8.7.19\/masterprom\/producto\/ls5890\/"},"modified":"2021-04-20T22:23:20","modified_gmt":"2021-04-21T03:23:20","slug":"ls5890","status":"publish","type":"product","link":"http:\/\/119.8.7.19\/masterprom\/producto\/ls5890\/","title":{"rendered":"LS5890"},"content":{"rendered":"<p>Lentes de pl\u00e1stico para sol, con mica de protecci\u00f3n solar uv400, \u00e1rea para logotipo en los laterales. Colores mate. <\/p>\n","protected":false},"excerpt":{"rendered":"<p>Lentes de pl\u00e1stico para sol, con mica de protecci\u00f3n solar uv400, \u00e1rea para logotipo en los laterales. Colores mate. <\/p>\n","protected":false},"featured_media":0,"comment_status":"closed","ping_status":"open","template":"","meta":[],"class_list":["post-18416","product","type-product","status-publish","hentry","product_cat-tiempo-libre","product_cat-varios-tiempo-libre","product_tag-winideas"],"_links":{"self":[{"href":"http:\/\/119.8.7.19\/masterprom\/wp-json\/wp\/v2\/product\/18416","targetHints":{"allow":["GET"]}}],"collection":[{"href":"http:\/\/119.8.7.19\/masterprom\/wp-json\/wp\/v2\/product"}],"about":[{"href":"http:\/\/119.8.7.19\/masterprom\/wp-json\/wp\/v2\/types\/product"}],"replies":[{"embeddable":true,"href":"http:\/\/119.8.7.19\/masterprom\/wp-json\/wp\/v2\/comments?post=18416"}],"wp:attachment":[{"href":"http:\/\/119.8.7.19\/masterprom\/wp-json\/wp\/v2\/media?parent=18416"}],"curies":[{"name":"wp","href":"https:\/\/api.w.org\/{rel}","templated":true}]}}