{"id":18360,"date":"2021-04-20T22:19:34","date_gmt":"2021-04-21T03:19:34","guid":{"rendered":"http:\/\/119.8.7.19\/masterprom\/producto\/71-138-2\/"},"modified":"2021-04-20T22:19:34","modified_gmt":"2021-04-21T03:19:34","slug":"71-138-2","status":"publish","type":"product","link":"http:\/\/119.8.7.19\/masterprom\/producto\/71-138-2\/","title":{"rendered":"71-138"},"content":{"rendered":"<p>Madeleine white la bufanda &#8220;madeleine&#8221; est\u00e1 hecha de la seda m\u00e1s fina. su vibrante estampado de flores est\u00e1 inspirado en un jard\u00edn ex\u00f3tico &#8211; cacharel &#8211; cfm937f <\/p>\n","protected":false},"excerpt":{"rendered":"<p>Madeleine white la bufanda &#8220;madeleine&#8221; est\u00e1 hecha de la seda m\u00e1s fina. su vibrante estampado de flores est\u00e1 inspirado en un jard\u00edn ex\u00f3tico &#8211; cacharel &#8211; cfm937f <\/p>\n","protected":false},"featured_media":0,"comment_status":"closed","ping_status":"open","template":"","meta":[],"class_list":["post-18360","product","type-product","status-publish","hentry","product_cat-textil","product_cat-varios-textil","product_tag-blestar"],"_links":{"self":[{"href":"http:\/\/119.8.7.19\/masterprom\/wp-json\/wp\/v2\/product\/18360","targetHints":{"allow":["GET"]}}],"collection":[{"href":"http:\/\/119.8.7.19\/masterprom\/wp-json\/wp\/v2\/product"}],"about":[{"href":"http:\/\/119.8.7.19\/masterprom\/wp-json\/wp\/v2\/types\/product"}],"replies":[{"embeddable":true,"href":"http:\/\/119.8.7.19\/masterprom\/wp-json\/wp\/v2\/comments?post=18360"}],"wp:attachment":[{"href":"http:\/\/119.8.7.19\/masterprom\/wp-json\/wp\/v2\/media?parent=18360"}],"curies":[{"name":"wp","href":"https:\/\/api.w.org\/{rel}","templated":true}]}}