{"id":18355,"date":"2021-04-20T22:19:31","date_gmt":"2021-04-21T03:19:31","guid":{"rendered":"http:\/\/119.8.7.19\/masterprom\/producto\/roll-up\/"},"modified":"2021-04-20T22:19:33","modified_gmt":"2021-04-21T03:19:33","slug":"roll-up","status":"publish","type":"product","link":"http:\/\/119.8.7.19\/masterprom\/producto\/roll-up\/","title":{"rendered":"ROLL-UP"},"content":{"rendered":"<p>Sistemas de display  de muy facil manejo e instalaci\u00f3n con un costo muy adecuado a cualquier presupuesto, el tama\u00f1o del roll-up standard,  incluyen una bolsa de tela para su almacenaje y transportaci\u00f3n, sistema (Roll-up) y la tela con la confecci\u00f3n e instalaci\u00f3n. 80 cms (Base) x 200 cms (Altura).<\/p>\n","protected":false},"excerpt":{"rendered":"<p>Sistemas de display  de muy facil manejo e instalaci\u00f3n con un costo muy adecuado a cualquier presupuesto, el tama\u00f1o del roll-up standard,  incluyen una bolsa de tela para su almacenaje y transportaci\u00f3n, sistema (Roll-up) y la tela con la confecci\u00f3n e instalaci\u00f3n. 80 cms (Base) x 200 cms (Altura).<\/p>\n","protected":false},"featured_media":0,"comment_status":"closed","ping_status":"open","template":"","meta":[],"class_list":["post-18355","product","type-product","status-publish","hentry","product_cat-textil","product_cat-varios-textil","product_tag-sublitec","pa_detalle-especifico-80-cms-base-x-200-cms-altura"],"_links":{"self":[{"href":"http:\/\/119.8.7.19\/masterprom\/wp-json\/wp\/v2\/product\/18355","targetHints":{"allow":["GET"]}}],"collection":[{"href":"http:\/\/119.8.7.19\/masterprom\/wp-json\/wp\/v2\/product"}],"about":[{"href":"http:\/\/119.8.7.19\/masterprom\/wp-json\/wp\/v2\/types\/product"}],"replies":[{"embeddable":true,"href":"http:\/\/119.8.7.19\/masterprom\/wp-json\/wp\/v2\/comments?post=18355"}],"wp:attachment":[{"href":"http:\/\/119.8.7.19\/masterprom\/wp-json\/wp\/v2\/media?parent=18355"}],"curies":[{"name":"wp","href":"https:\/\/api.w.org\/{rel}","templated":true}]}}