{"id":18338,"date":"2021-04-20T22:19:28","date_gmt":"2021-04-21T03:19:28","guid":{"rendered":"http:\/\/119.8.7.19\/masterprom\/producto\/par-03-2\/"},"modified":"2021-04-20T22:19:30","modified_gmt":"2021-04-21T03:19:30","slug":"par-03-2","status":"publish","type":"product","link":"http:\/\/119.8.7.19\/masterprom\/producto\/par-03-2\/","title":{"rendered":"PAR-03"},"content":{"rendered":"<p>Paraguas cuadrado (autom\u00e1tico. 8 paneles y mango de pl\u00e1stico. incluye cord\u00f3n.) <\/p>\n","protected":false},"excerpt":{"rendered":"<p>Paraguas cuadrado (autom\u00e1tico. 8 paneles y mango de pl\u00e1stico. incluye cord\u00f3n.) <\/p>\n","protected":false},"featured_media":0,"comment_status":"closed","ping_status":"open","template":"","meta":[],"class_list":["post-18338","product","type-product","status-publish","hentry","product_cat-paraguas-e-impermeables","product_cat-textil","product_tag-promoopcion"],"_links":{"self":[{"href":"http:\/\/119.8.7.19\/masterprom\/wp-json\/wp\/v2\/product\/18338","targetHints":{"allow":["GET"]}}],"collection":[{"href":"http:\/\/119.8.7.19\/masterprom\/wp-json\/wp\/v2\/product"}],"about":[{"href":"http:\/\/119.8.7.19\/masterprom\/wp-json\/wp\/v2\/types\/product"}],"replies":[{"embeddable":true,"href":"http:\/\/119.8.7.19\/masterprom\/wp-json\/wp\/v2\/comments?post=18338"}],"wp:attachment":[{"href":"http:\/\/119.8.7.19\/masterprom\/wp-json\/wp\/v2\/media?parent=18338"}],"curies":[{"name":"wp","href":"https:\/\/api.w.org\/{rel}","templated":true}]}}