{"id":18319,"date":"2021-04-20T22:19:28","date_gmt":"2021-04-21T03:19:28","guid":{"rendered":"http:\/\/119.8.7.19\/masterprom\/producto\/a2145-2\/"},"modified":"2021-04-20T22:19:28","modified_gmt":"2021-04-21T03:19:28","slug":"a2145-2","status":"publish","type":"product","link":"http:\/\/119.8.7.19\/masterprom\/producto\/a2145-2\/","title":{"rendered":"A2145"},"content":{"rendered":"<p>Pr\u00e1ctico poncho impermeable en esfera de pl\u00e1stico con gancho para sujetar tipo llavero, c\u00f3modo y compacto para emergencias. <\/p>\n","protected":false},"excerpt":{"rendered":"<p>Pr\u00e1ctico poncho impermeable en esfera de pl\u00e1stico con gancho para sujetar tipo llavero, c\u00f3modo y compacto para emergencias. <\/p>\n","protected":false},"featured_media":0,"comment_status":"closed","ping_status":"open","template":"","meta":[],"class_list":["post-18319","product","type-product","status-publish","hentry","product_cat-paraguas-e-impermeables","product_cat-textil","product_tag-winideas"],"_links":{"self":[{"href":"http:\/\/119.8.7.19\/masterprom\/wp-json\/wp\/v2\/product\/18319","targetHints":{"allow":["GET"]}}],"collection":[{"href":"http:\/\/119.8.7.19\/masterprom\/wp-json\/wp\/v2\/product"}],"about":[{"href":"http:\/\/119.8.7.19\/masterprom\/wp-json\/wp\/v2\/types\/product"}],"replies":[{"embeddable":true,"href":"http:\/\/119.8.7.19\/masterprom\/wp-json\/wp\/v2\/comments?post=18319"}],"wp:attachment":[{"href":"http:\/\/119.8.7.19\/masterprom\/wp-json\/wp\/v2\/media?parent=18319"}],"curies":[{"name":"wp","href":"https:\/\/api.w.org\/{rel}","templated":true}]}}