{"id":18313,"date":"2021-04-20T22:19:24","date_gmt":"2021-04-21T03:19:24","guid":{"rendered":"http:\/\/119.8.7.19\/masterprom\/producto\/a2176-2\/"},"modified":"2021-04-20T22:19:26","modified_gmt":"2021-04-21T03:19:26","slug":"a2176-2","status":"publish","type":"product","link":"http:\/\/119.8.7.19\/masterprom\/producto\/a2176-2\/","title":{"rendered":"A2176"},"content":{"rendered":"<p>Paraguas con forro de protecci\u00f3n UV, varillas reforzadas, mango ergon\u00f3mico de pl\u00e1stico color negro para mejor sujeci\u00f3n. Apertura autom\u00e1tica. <\/p>\n","protected":false},"excerpt":{"rendered":"<p>Paraguas con forro de protecci\u00f3n UV, varillas reforzadas, mango ergon\u00f3mico de pl\u00e1stico color negro para mejor sujeci\u00f3n. Apertura autom\u00e1tica. <\/p>\n","protected":false},"featured_media":0,"comment_status":"closed","ping_status":"open","template":"","meta":[],"class_list":["post-18313","product","type-product","status-publish","hentry","product_cat-paraguas-e-impermeables","product_cat-textil","product_tag-winideas","pa_talla-o-105-x-85-cm"],"_links":{"self":[{"href":"http:\/\/119.8.7.19\/masterprom\/wp-json\/wp\/v2\/product\/18313","targetHints":{"allow":["GET"]}}],"collection":[{"href":"http:\/\/119.8.7.19\/masterprom\/wp-json\/wp\/v2\/product"}],"about":[{"href":"http:\/\/119.8.7.19\/masterprom\/wp-json\/wp\/v2\/types\/product"}],"replies":[{"embeddable":true,"href":"http:\/\/119.8.7.19\/masterprom\/wp-json\/wp\/v2\/comments?post=18313"}],"wp:attachment":[{"href":"http:\/\/119.8.7.19\/masterprom\/wp-json\/wp\/v2\/media?parent=18313"}],"curies":[{"name":"wp","href":"https:\/\/api.w.org\/{rel}","templated":true}]}}