{"id":18306,"date":"2021-04-20T22:19:24","date_gmt":"2021-04-21T03:19:24","guid":{"rendered":"http:\/\/119.8.7.19\/masterprom\/producto\/rfid\/"},"modified":"2021-04-20T22:19:25","modified_gmt":"2021-04-21T03:19:25","slug":"rfid","status":"publish","type":"product","link":"http:\/\/119.8.7.19\/masterprom\/producto\/rfid\/","title":{"rendered":"RFID"},"content":{"rendered":"<p>Tecnolog\u00eda RFID: Identificaci\u00f3n por radiofrecuencia es un sistema de almacenamiento de datos. Estos pueden ser usados como llaves incopiables de proximidad para control de acceso, m\u00e9todo de pago y almacenamiento de informaci\u00f3n. Folio l\u00e1ser y c\u00f3digo de barras. Resistente al agua. Gama de m\u00e1s de 40 colores diferente<\/p>\n","protected":false},"excerpt":{"rendered":"<p>Tecnolog\u00eda RFID: Identificaci\u00f3n por radiofrecuencia es un sistema de almacenamiento de datos. Estos pueden ser usados como llaves incopiables de proximidad para control de acceso, m\u00e9todo de pago y almacenamiento de informaci\u00f3n. Folio l\u00e1ser y c\u00f3digo de barras. Resistente al agua. Gama de m\u00e1s de 40 colores diferente<\/p>\n","protected":false},"featured_media":0,"comment_status":"closed","ping_status":"open","template":"","meta":[],"class_list":["post-18306","product","type-product","status-publish","hentry","product_cat-brazaletes-y-pulseras","product_cat-textil","product_tag-brazaletes-mexico","pa_detalle-especifico-gama-de-mas-de-40-colores-diferente","pa_talla-diferentes-medidas"],"_links":{"self":[{"href":"http:\/\/119.8.7.19\/masterprom\/wp-json\/wp\/v2\/product\/18306","targetHints":{"allow":["GET"]}}],"collection":[{"href":"http:\/\/119.8.7.19\/masterprom\/wp-json\/wp\/v2\/product"}],"about":[{"href":"http:\/\/119.8.7.19\/masterprom\/wp-json\/wp\/v2\/types\/product"}],"replies":[{"embeddable":true,"href":"http:\/\/119.8.7.19\/masterprom\/wp-json\/wp\/v2\/comments?post=18306"}],"wp:attachment":[{"href":"http:\/\/119.8.7.19\/masterprom\/wp-json\/wp\/v2\/media?parent=18306"}],"curies":[{"name":"wp","href":"https:\/\/api.w.org\/{rel}","templated":true}]}}