{"id":18303,"date":"2021-04-20T22:19:24","date_gmt":"2021-04-21T03:19:24","guid":{"rendered":"http:\/\/119.8.7.19\/masterprom\/producto\/brazaletes-de-silicon-regular\/"},"modified":"2021-04-20T22:19:25","modified_gmt":"2021-04-21T03:19:25","slug":"brazaletes-de-silicon-regular","status":"publish","type":"product","link":"http:\/\/119.8.7.19\/masterprom\/producto\/brazaletes-de-silicon-regular\/","title":{"rendered":"BRAZALETES DE SILIC\u00d3N REGULAR"},"content":{"rendered":"<p>Brazalete utilizado para la promoci\u00f3n de eventos. Es una opci\u00f3n ideal para promocionar y que se utilicen como un recuerdo o detalle que puede usarse cuantas veces se desee. Este brazalete puede llevar impresi\u00f3n o grabado dependiendo de las necesidades. Resistente al estiramiento.<br \/>\nUso en per\u00edodos largos. <\/p>\n","protected":false},"excerpt":{"rendered":"<p>Brazalete utilizado para la promoci\u00f3n de eventos. Es una opci\u00f3n ideal para promocionar y que se utilicen como un recuerdo o detalle que puede usarse cuantas veces se desee. Este brazalete puede llevar impresi\u00f3n o grabado dependiendo de las necesidades. Resistente al estiramiento.<br \/>\nUso en per\u00edodos largos. <\/p>\n","protected":false},"featured_media":0,"comment_status":"closed","ping_status":"open","template":"","meta":[],"class_list":["post-18303","product","type-product","status-publish","hentry","product_cat-brazaletes-y-pulseras","product_cat-textil","product_tag-brazaletes-mexico"],"_links":{"self":[{"href":"http:\/\/119.8.7.19\/masterprom\/wp-json\/wp\/v2\/product\/18303","targetHints":{"allow":["GET"]}}],"collection":[{"href":"http:\/\/119.8.7.19\/masterprom\/wp-json\/wp\/v2\/product"}],"about":[{"href":"http:\/\/119.8.7.19\/masterprom\/wp-json\/wp\/v2\/types\/product"}],"replies":[{"embeddable":true,"href":"http:\/\/119.8.7.19\/masterprom\/wp-json\/wp\/v2\/comments?post=18303"}],"wp:attachment":[{"href":"http:\/\/119.8.7.19\/masterprom\/wp-json\/wp\/v2\/media?parent=18303"}],"curies":[{"name":"wp","href":"https:\/\/api.w.org\/{rel}","templated":true}]}}