{"id":18301,"date":"2021-04-20T22:19:24","date_gmt":"2021-04-21T03:19:24","guid":{"rendered":"http:\/\/119.8.7.19\/masterprom\/producto\/brazaletes-artesanales-de-acrilico\/"},"modified":"2021-04-20T22:19:25","modified_gmt":"2021-04-21T03:19:25","slug":"brazaletes-artesanales-de-acrilico","status":"publish","type":"product","link":"http:\/\/119.8.7.19\/masterprom\/producto\/brazaletes-artesanales-de-acrilico\/","title":{"rendered":"BRAZALETES ARTESANALES DE ACR\u00cdLICO"},"content":{"rendered":"<p>Brazalete hecho a mano, ideal para utilizarse como producto promocional o tambi\u00e9n de seguridad. La placa de madera cuenta con una medida rectangular est\u00e1ndar, pero puede ser personalizada a la forma que desee. Cuenta con un broche de seguridad para control de acceso. Resistente al estiramiento.<br \/>\nUso en per\u00edodos largos. 14 colores disponibles de listones.<\/p>\n","protected":false},"excerpt":{"rendered":"<p>Brazalete hecho a mano, ideal para utilizarse como producto promocional o tambi\u00e9n de seguridad. La placa de madera cuenta con una medida rectangular est\u00e1ndar, pero puede ser personalizada a la forma que desee. Cuenta con un broche de seguridad para control de acceso. Resistente al estiramiento.<br \/>\nUso en per\u00edodos largos. 14 colores disponibles de listones.<\/p>\n","protected":false},"featured_media":0,"comment_status":"closed","ping_status":"open","template":"","meta":[],"class_list":["post-18301","product","type-product","status-publish","hentry","product_cat-brazaletes-y-pulseras","product_cat-textil","product_tag-brazaletes-mexico","pa_detalle-especifico-14-colores-disponibles-de-listones"],"_links":{"self":[{"href":"http:\/\/119.8.7.19\/masterprom\/wp-json\/wp\/v2\/product\/18301","targetHints":{"allow":["GET"]}}],"collection":[{"href":"http:\/\/119.8.7.19\/masterprom\/wp-json\/wp\/v2\/product"}],"about":[{"href":"http:\/\/119.8.7.19\/masterprom\/wp-json\/wp\/v2\/types\/product"}],"replies":[{"embeddable":true,"href":"http:\/\/119.8.7.19\/masterprom\/wp-json\/wp\/v2\/comments?post=18301"}],"wp:attachment":[{"href":"http:\/\/119.8.7.19\/masterprom\/wp-json\/wp\/v2\/media?parent=18301"}],"curies":[{"name":"wp","href":"https:\/\/api.w.org\/{rel}","templated":true}]}}