{"id":18298,"date":"2021-04-20T22:19:21","date_gmt":"2021-04-21T03:19:21","guid":{"rendered":"http:\/\/119.8.7.19\/masterprom\/producto\/brazalete-hospitalario-direct-thermal\/"},"modified":"2021-04-20T22:19:24","modified_gmt":"2021-04-21T03:19:24","slug":"brazalete-hospitalario-direct-thermal","status":"publish","type":"product","link":"http:\/\/119.8.7.19\/masterprom\/producto\/brazalete-hospitalario-direct-thermal\/","title":{"rendered":"BRAZALETE HOSPITALARIO DIRECT THERMAL"},"content":{"rendered":"<p>Las pulseras t\u00e9rmicas directas tienen un fuerte respaldo adhesivo, son impermeables y est\u00e1n hechas de un material sint\u00e9tico resistente a las rasgaduras. Las pulseras t\u00e9rmicas directas son livianas, c\u00f3modas y f\u00e1ciles de usar. Cierre adhesivo e intransferible ideal para el uso a corto plazo, m\u00e1xima seguridad para el paciente. Acepta fotos, texto, c\u00f3digos de barras lineales, c\u00f3digos de barras 2D. Resistente al agua, limpiadores generales, alcohol antis\u00e9ptico y desinfectante de manos. Ajustable, c\u00f3modo y seguro. Unido al n\u00facleo con cinta de silicona verde. <\/p>\n","protected":false},"excerpt":{"rendered":"<p>Las pulseras t\u00e9rmicas directas tienen un fuerte respaldo adhesivo, son impermeables y est\u00e1n hechas de un material sint\u00e9tico resistente a las rasgaduras. Las pulseras t\u00e9rmicas directas son livianas, c\u00f3modas y f\u00e1ciles de usar. Cierre adhesivo e intransferible ideal para el uso a corto plazo, m\u00e1xima seguridad para el paciente. Acepta fotos, texto, c\u00f3digos de barras lineales, c\u00f3digos de barras 2D. Resistente al agua, limpiadores generales, alcohol antis\u00e9ptico y desinfectante de manos. Ajustable, c\u00f3modo y seguro. Unido al n\u00facleo con cinta de silicona verde. <\/p>\n","protected":false},"featured_media":0,"comment_status":"closed","ping_status":"open","template":"","meta":[],"class_list":["post-18298","product","type-product","status-publish","hentry","product_cat-brazaletes-y-pulseras","product_cat-textil","product_tag-brazaletes-mexico"],"_links":{"self":[{"href":"http:\/\/119.8.7.19\/masterprom\/wp-json\/wp\/v2\/product\/18298","targetHints":{"allow":["GET"]}}],"collection":[{"href":"http:\/\/119.8.7.19\/masterprom\/wp-json\/wp\/v2\/product"}],"about":[{"href":"http:\/\/119.8.7.19\/masterprom\/wp-json\/wp\/v2\/types\/product"}],"replies":[{"embeddable":true,"href":"http:\/\/119.8.7.19\/masterprom\/wp-json\/wp\/v2\/comments?post=18298"}],"wp:attachment":[{"href":"http:\/\/119.8.7.19\/masterprom\/wp-json\/wp\/v2\/media?parent=18298"}],"curies":[{"name":"wp","href":"https:\/\/api.w.org\/{rel}","templated":true}]}}