{"id":18297,"date":"2021-04-20T22:19:21","date_gmt":"2021-04-21T03:19:21","guid":{"rendered":"http:\/\/119.8.7.19\/masterprom\/producto\/brazaletes-holograficos\/"},"modified":"2021-04-20T22:19:23","modified_gmt":"2021-04-21T03:19:23","slug":"brazaletes-holograficos","status":"publish","type":"product","link":"http:\/\/119.8.7.19\/masterprom\/producto\/brazaletes-holograficos\/","title":{"rendered":"BRAZALETES HOLOGR\u00c1FICOS"},"content":{"rendered":"<p>Brazalete intransferible por su broche de pl\u00e1stico con opci\u00f3n de broches de metal reusables con m\u00faltiples opciones de personalizaci\u00f3n y gran variedad de colores brillantes. Brazalete con sellado de alta frecuencia. Sin filtraciones interiores. No absorbente. Resistente al estiramiento. Broche de seguridad. Intransferible. Uso en per\u00edodos largos. 9 colores disponibles.<\/p>\n","protected":false},"excerpt":{"rendered":"<p>Brazalete intransferible por su broche de pl\u00e1stico con opci\u00f3n de broches de metal reusables con m\u00faltiples opciones de personalizaci\u00f3n y gran variedad de colores brillantes. Brazalete con sellado de alta frecuencia. Sin filtraciones interiores. No absorbente. Resistente al estiramiento. Broche de seguridad. Intransferible. Uso en per\u00edodos largos. 9 colores disponibles.<\/p>\n","protected":false},"featured_media":0,"comment_status":"closed","ping_status":"open","template":"","meta":[],"class_list":["post-18297","product","type-product","status-publish","hentry","product_cat-brazaletes-y-pulseras","product_cat-textil","product_tag-brazaletes-mexico","pa_detalle-especifico-9-colores-disponibles","pa_talla-3-4-x-10"],"_links":{"self":[{"href":"http:\/\/119.8.7.19\/masterprom\/wp-json\/wp\/v2\/product\/18297","targetHints":{"allow":["GET"]}}],"collection":[{"href":"http:\/\/119.8.7.19\/masterprom\/wp-json\/wp\/v2\/product"}],"about":[{"href":"http:\/\/119.8.7.19\/masterprom\/wp-json\/wp\/v2\/types\/product"}],"replies":[{"embeddable":true,"href":"http:\/\/119.8.7.19\/masterprom\/wp-json\/wp\/v2\/comments?post=18297"}],"wp:attachment":[{"href":"http:\/\/119.8.7.19\/masterprom\/wp-json\/wp\/v2\/media?parent=18297"}],"curies":[{"name":"wp","href":"https:\/\/api.w.org\/{rel}","templated":true}]}}