{"id":18294,"date":"2021-04-20T22:19:21","date_gmt":"2021-04-21T03:19:21","guid":{"rendered":"http:\/\/119.8.7.19\/masterprom\/producto\/brazalete-de-vinil-1-cara-ancha\/"},"modified":"2021-04-20T22:19:23","modified_gmt":"2021-04-21T03:19:23","slug":"brazalete-de-vinil-1-cara-ancha","status":"publish","type":"product","link":"http:\/\/119.8.7.19\/masterprom\/producto\/brazalete-de-vinil-1-cara-ancha\/","title":{"rendered":"BRAZALETE DE VINIL 1? CARA ANCHA"},"content":{"rendered":"<p>Brazalete intransferible por su broche de pl\u00e1stico. Es el modelo m\u00e1s ancho y con mayor \u00e1rea de impresi\u00f3n, con m\u00faltiples opciones de personalizaci\u00f3n y gran variedad de colores s\u00f3lidos y brillantes, brazalete  con sellado de alta frecuencia. Sin filtraciones interiores. No absorbente. Resistente al estiramiento. Broche de seguridad. Intransferible.<br \/>\nUso en per\u00edodos largos. 26 colores mate disponibles \/<br \/>\n14 colores charol disponibles \/<br \/>\n7 colores transparentes disponibles.<\/p>\n","protected":false},"excerpt":{"rendered":"<p>Brazalete intransferible por su broche de pl\u00e1stico. Es el modelo m\u00e1s ancho y con mayor \u00e1rea de impresi\u00f3n, con m\u00faltiples opciones de personalizaci\u00f3n y gran variedad de colores s\u00f3lidos y brillantes, brazalete  con sellado de alta frecuencia. Sin filtraciones interiores. No absorbente. Resistente al estiramiento. Broche de seguridad. Intransferible.<br \/>\nUso en per\u00edodos largos. 26 colores mate disponibles \/<br \/>\n14 colores charol disponibles \/<br \/>\n7 colores transparentes disponibles.<\/p>\n","protected":false},"featured_media":0,"comment_status":"closed","ping_status":"open","template":"","meta":[],"class_list":["post-18294","product","type-product","status-publish","hentry","product_cat-brazaletes-y-pulseras","product_cat-textil","product_tag-brazaletes-mexico","pa_detalle-especifico-26-colores-mate-disponibles-14-colores-charol-disponibles-7-colores-transparentes-disponibles","pa_talla-calibre-8-10-tri-capa"],"_links":{"self":[{"href":"http:\/\/119.8.7.19\/masterprom\/wp-json\/wp\/v2\/product\/18294","targetHints":{"allow":["GET"]}}],"collection":[{"href":"http:\/\/119.8.7.19\/masterprom\/wp-json\/wp\/v2\/product"}],"about":[{"href":"http:\/\/119.8.7.19\/masterprom\/wp-json\/wp\/v2\/types\/product"}],"replies":[{"embeddable":true,"href":"http:\/\/119.8.7.19\/masterprom\/wp-json\/wp\/v2\/comments?post=18294"}],"wp:attachment":[{"href":"http:\/\/119.8.7.19\/masterprom\/wp-json\/wp\/v2\/media?parent=18294"}],"curies":[{"name":"wp","href":"https:\/\/api.w.org\/{rel}","templated":true}]}}