{"id":18291,"date":"2021-04-20T22:19:21","date_gmt":"2021-04-21T03:19:21","guid":{"rendered":"http:\/\/119.8.7.19\/masterprom\/producto\/brazalete-de-tyvek-3-4-x-10-con-cupon\/"},"modified":"2021-04-20T22:19:23","modified_gmt":"2021-04-21T03:19:23","slug":"brazalete-de-tyvek-3-4-x-10-con-cupon","status":"publish","type":"product","link":"http:\/\/119.8.7.19\/masterprom\/producto\/brazalete-de-tyvek-3-4-x-10-con-cupon\/","title":{"rendered":"BRAZALETE DE TYVEK 3.4 X 10? CON CUP\u00d3N"},"content":{"rendered":"<p>Brazalete el modelo m\u00e1s sencillo, ideal para el control de acceso por su cup\u00f3n desprendible, es una gran opci\u00f3n por su costo econ\u00f3mico y sus diferentes opciones de personalizaci\u00f3n. Resistente al estiramiento, Adhesivo de alta seguridad, Cup\u00f3n desprendible.  Intransferible, Uso en per\u00edodos cortos. Opciones de personalizaci\u00f3n. 23 colores disponibles.<\/p>\n","protected":false},"excerpt":{"rendered":"<p>Brazalete el modelo m\u00e1s sencillo, ideal para el control de acceso por su cup\u00f3n desprendible, es una gran opci\u00f3n por su costo econ\u00f3mico y sus diferentes opciones de personalizaci\u00f3n. Resistente al estiramiento, Adhesivo de alta seguridad, Cup\u00f3n desprendible.  Intransferible, Uso en per\u00edodos cortos. Opciones de personalizaci\u00f3n. 23 colores disponibles.<\/p>\n","protected":false},"featured_media":0,"comment_status":"closed","ping_status":"open","template":"","meta":[],"class_list":["post-18291","product","type-product","status-publish","hentry","product_cat-brazaletes-y-pulseras","product_cat-textil","product_tag-brazaletes-mexico","pa_detalle-especifico-23-colores-disponibles","pa_talla-3-4-x-10"],"_links":{"self":[{"href":"http:\/\/119.8.7.19\/masterprom\/wp-json\/wp\/v2\/product\/18291","targetHints":{"allow":["GET"]}}],"collection":[{"href":"http:\/\/119.8.7.19\/masterprom\/wp-json\/wp\/v2\/product"}],"about":[{"href":"http:\/\/119.8.7.19\/masterprom\/wp-json\/wp\/v2\/types\/product"}],"replies":[{"embeddable":true,"href":"http:\/\/119.8.7.19\/masterprom\/wp-json\/wp\/v2\/comments?post=18291"}],"wp:attachment":[{"href":"http:\/\/119.8.7.19\/masterprom\/wp-json\/wp\/v2\/media?parent=18291"}],"curies":[{"name":"wp","href":"https:\/\/api.w.org\/{rel}","templated":true}]}}