{"id":18290,"date":"2021-04-20T22:19:21","date_gmt":"2021-04-21T03:19:21","guid":{"rendered":"http:\/\/119.8.7.19\/masterprom\/producto\/brazalete-de-tyvek-1-x-12-con-cupon\/"},"modified":"2021-04-20T22:19:22","modified_gmt":"2021-04-21T03:19:22","slug":"brazalete-de-tyvek-1-x-12-con-cupon","status":"publish","type":"product","link":"http:\/\/119.8.7.19\/masterprom\/producto\/brazalete-de-tyvek-1-x-12-con-cupon\/","title":{"rendered":"BRAZALETE DE TYVEK 1 X 12? CON CUP\u00d3N"},"content":{"rendered":"<p>Brazalete con cup\u00f3n desprendible ideal para el control de acceso en una fiesta u evento. Resistente al estiramiento, Adhesivo de alta seguridad, Cup\u00f3n desprendible.  Intransferible, Uso en per\u00edodos cortos. Opciones de personalizaci\u00f3n. 23 colores disponibles.<\/p>\n","protected":false},"excerpt":{"rendered":"<p>Brazalete con cup\u00f3n desprendible ideal para el control de acceso en una fiesta u evento. Resistente al estiramiento, Adhesivo de alta seguridad, Cup\u00f3n desprendible.  Intransferible, Uso en per\u00edodos cortos. Opciones de personalizaci\u00f3n. 23 colores disponibles.<\/p>\n","protected":false},"featured_media":0,"comment_status":"closed","ping_status":"open","template":"","meta":[],"class_list":["post-18290","product","type-product","status-publish","hentry","product_cat-brazaletes-y-pulseras","product_cat-textil","product_tag-brazaletes-mexico","pa_detalle-especifico-23-colores-disponibles","pa_talla-1-x-12"],"_links":{"self":[{"href":"http:\/\/119.8.7.19\/masterprom\/wp-json\/wp\/v2\/product\/18290","targetHints":{"allow":["GET"]}}],"collection":[{"href":"http:\/\/119.8.7.19\/masterprom\/wp-json\/wp\/v2\/product"}],"about":[{"href":"http:\/\/119.8.7.19\/masterprom\/wp-json\/wp\/v2\/types\/product"}],"replies":[{"embeddable":true,"href":"http:\/\/119.8.7.19\/masterprom\/wp-json\/wp\/v2\/comments?post=18290"}],"wp:attachment":[{"href":"http:\/\/119.8.7.19\/masterprom\/wp-json\/wp\/v2\/media?parent=18290"}],"curies":[{"name":"wp","href":"https:\/\/api.w.org\/{rel}","templated":true}]}}