{"id":18270,"date":"2021-04-20T22:19:17","date_gmt":"2021-04-21T03:19:17","guid":{"rendered":"http:\/\/119.8.7.19\/masterprom\/producto\/gorra-sandwich-plus-151\/"},"modified":"2021-04-20T22:19:19","modified_gmt":"2021-04-21T03:19:19","slug":"gorra-sandwich-plus-151","status":"publish","type":"product","link":"http:\/\/119.8.7.19\/masterprom\/producto\/gorra-sandwich-plus-151\/","title":{"rendered":"GORRA SANDWICH PLUS  #151"},"content":{"rendered":"<p>Gorra Sandwich plus, 6 gajos, ojillos bordados, bot\u00f3n forrado, frente r\u00edgido, puntada frontal de seguridad, etiqueta autoadherible de modelo en visera, ajuste de hebilla met\u00e1lica, canto de visera y rebasado en contraste <\/p>\n","protected":false},"excerpt":{"rendered":"<p>Gorra Sandwich plus, 6 gajos, ojillos bordados, bot\u00f3n forrado, frente r\u00edgido, puntada frontal de seguridad, etiqueta autoadherible de modelo en visera, ajuste de hebilla met\u00e1lica, canto de visera y rebasado en contraste <\/p>\n","protected":false},"featured_media":0,"comment_status":"closed","ping_status":"open","template":"","meta":[],"class_list":["post-18270","product","type-product","status-publish","hentry","product_cat-gorras-y-sombreros","product_cat-textil","product_tag-dkps"],"_links":{"self":[{"href":"http:\/\/119.8.7.19\/masterprom\/wp-json\/wp\/v2\/product\/18270","targetHints":{"allow":["GET"]}}],"collection":[{"href":"http:\/\/119.8.7.19\/masterprom\/wp-json\/wp\/v2\/product"}],"about":[{"href":"http:\/\/119.8.7.19\/masterprom\/wp-json\/wp\/v2\/types\/product"}],"replies":[{"embeddable":true,"href":"http:\/\/119.8.7.19\/masterprom\/wp-json\/wp\/v2\/comments?post=18270"}],"wp:attachment":[{"href":"http:\/\/119.8.7.19\/masterprom\/wp-json\/wp\/v2\/media?parent=18270"}],"curies":[{"name":"wp","href":"https:\/\/api.w.org\/{rel}","templated":true}]}}