{"id":18269,"date":"2021-04-20T22:19:17","date_gmt":"2021-04-21T03:19:17","guid":{"rendered":"http:\/\/119.8.7.19\/masterprom\/producto\/gorra-basica-premium-115\/"},"modified":"2021-04-20T22:19:19","modified_gmt":"2021-04-21T03:19:19","slug":"gorra-basica-premium-115","status":"publish","type":"product","link":"http:\/\/119.8.7.19\/masterprom\/producto\/gorra-basica-premium-115\/","title":{"rendered":"GORRA BASICA PREMIUM #115"},"content":{"rendered":"<p>Gorra Basica Premium, 6 gajos, ojillos bordados, bot\u00f3n forrado, frente r\u00edgido, ajuste de hebilla met\u00e1lica, puntada frontal de seguridad y etiqueta autoadherible de modelo en visera <\/p>\n","protected":false},"excerpt":{"rendered":"<p>Gorra Basica Premium, 6 gajos, ojillos bordados, bot\u00f3n forrado, frente r\u00edgido, ajuste de hebilla met\u00e1lica, puntada frontal de seguridad y etiqueta autoadherible de modelo en visera <\/p>\n","protected":false},"featured_media":0,"comment_status":"closed","ping_status":"open","template":"","meta":[],"class_list":["post-18269","product","type-product","status-publish","hentry","product_cat-gorras-y-sombreros","product_cat-textil","product_tag-dkps"],"_links":{"self":[{"href":"http:\/\/119.8.7.19\/masterprom\/wp-json\/wp\/v2\/product\/18269","targetHints":{"allow":["GET"]}}],"collection":[{"href":"http:\/\/119.8.7.19\/masterprom\/wp-json\/wp\/v2\/product"}],"about":[{"href":"http:\/\/119.8.7.19\/masterprom\/wp-json\/wp\/v2\/types\/product"}],"replies":[{"embeddable":true,"href":"http:\/\/119.8.7.19\/masterprom\/wp-json\/wp\/v2\/comments?post=18269"}],"wp:attachment":[{"href":"http:\/\/119.8.7.19\/masterprom\/wp-json\/wp\/v2\/media?parent=18269"}],"curies":[{"name":"wp","href":"https:\/\/api.w.org\/{rel}","templated":true}]}}