{"id":18229,"date":"2021-04-20T22:19:11","date_gmt":"2021-04-21T03:19:11","guid":{"rendered":"http:\/\/119.8.7.19\/masterprom\/producto\/tx16141\/"},"modified":"2021-04-20T22:19:12","modified_gmt":"2021-04-21T03:19:12","slug":"tx16141","status":"publish","type":"product","link":"http:\/\/119.8.7.19\/masterprom\/producto\/tx16141\/","title":{"rendered":"TX16141"},"content":{"rendered":"<p>Gorra adulto  legionaria, gorra cerrada, ojillos corte laser, costura sellada al calor, bot\u00f3n forrado, tela repelente al viento y agua, frente r\u00edgido. Tama\u00f1o adulto. <\/p>\n","protected":false},"excerpt":{"rendered":"<p>Gorra adulto  legionaria, gorra cerrada, ojillos corte laser, costura sellada al calor, bot\u00f3n forrado, tela repelente al viento y agua, frente r\u00edgido. Tama\u00f1o adulto. <\/p>\n","protected":false},"featured_media":0,"comment_status":"closed","ping_status":"open","template":"","meta":[],"class_list":["post-18229","product","type-product","status-publish","hentry","product_cat-gorras-y-sombreros","product_cat-textil","product_tag-promoline","pa_talla-58-cm"],"_links":{"self":[{"href":"http:\/\/119.8.7.19\/masterprom\/wp-json\/wp\/v2\/product\/18229","targetHints":{"allow":["GET"]}}],"collection":[{"href":"http:\/\/119.8.7.19\/masterprom\/wp-json\/wp\/v2\/product"}],"about":[{"href":"http:\/\/119.8.7.19\/masterprom\/wp-json\/wp\/v2\/types\/product"}],"replies":[{"embeddable":true,"href":"http:\/\/119.8.7.19\/masterprom\/wp-json\/wp\/v2\/comments?post=18229"}],"wp:attachment":[{"href":"http:\/\/119.8.7.19\/masterprom\/wp-json\/wp\/v2\/media?parent=18229"}],"curies":[{"name":"wp","href":"https:\/\/api.w.org\/{rel}","templated":true}]}}