{"id":18154,"date":"2021-04-20T22:18:55","date_gmt":"2021-04-21T03:18:55","guid":{"rendered":"http:\/\/119.8.7.19\/masterprom\/producto\/chm-016\/"},"modified":"2021-04-20T22:18:57","modified_gmt":"2021-04-21T03:18:57","slug":"chm-016","status":"publish","type":"product","link":"http:\/\/119.8.7.19\/masterprom\/producto\/chm-016\/","title":{"rendered":"CHM-016"},"content":{"rendered":"<p>Chamarra durnstein (chamarra con gorro. exterior 100% poli\u00e9ster, forro polar cepillado 65% poli\u00e9ster, 35% algod\u00f3n. 2 bolsas frontales y cierre frontal.) <\/p>\n","protected":false},"excerpt":{"rendered":"<p>Chamarra durnstein (chamarra con gorro. exterior 100% poli\u00e9ster, forro polar cepillado 65% poli\u00e9ster, 35% algod\u00f3n. 2 bolsas frontales y cierre frontal.) <\/p>\n","protected":false},"featured_media":0,"comment_status":"closed","ping_status":"open","template":"","meta":[],"class_list":["post-18154","product","type-product","status-publish","hentry","product_cat-chamarras-y-rompevientos","product_cat-textil","product_tag-promoopcion","pa_talla-ch","pa_talla-g","pa_talla-m","pa_talla-xg"],"_links":{"self":[{"href":"http:\/\/119.8.7.19\/masterprom\/wp-json\/wp\/v2\/product\/18154","targetHints":{"allow":["GET"]}}],"collection":[{"href":"http:\/\/119.8.7.19\/masterprom\/wp-json\/wp\/v2\/product"}],"about":[{"href":"http:\/\/119.8.7.19\/masterprom\/wp-json\/wp\/v2\/types\/product"}],"replies":[{"embeddable":true,"href":"http:\/\/119.8.7.19\/masterprom\/wp-json\/wp\/v2\/comments?post=18154"}],"wp:attachment":[{"href":"http:\/\/119.8.7.19\/masterprom\/wp-json\/wp\/v2\/media?parent=18154"}],"curies":[{"name":"wp","href":"https:\/\/api.w.org\/{rel}","templated":true}]}}