{"id":18152,"date":"2021-04-20T22:18:59","date_gmt":"2021-04-21T03:18:59","guid":{"rendered":"http:\/\/119.8.7.19\/masterprom\/producto\/chm-012\/"},"modified":"2021-04-20T22:19:01","modified_gmt":"2021-04-21T03:19:01","slug":"chm-012","status":"publish","type":"product","link":"http:\/\/119.8.7.19\/masterprom\/producto\/chm-012\/","title":{"rendered":"CHM-012"},"content":{"rendered":"<p>Sudadera Cudmore (sudadera con capucha, cierre en medio y bolsas frontales. composici\u00f3n: algod\u00f3n 65%, poli\u00e9ster 35%.) <\/p>\n","protected":false},"excerpt":{"rendered":"<p>Sudadera Cudmore (sudadera con capucha, cierre en medio y bolsas frontales. composici\u00f3n: algod\u00f3n 65%, poli\u00e9ster 35%.) <\/p>\n","protected":false},"featured_media":0,"comment_status":"closed","ping_status":"open","template":"","meta":[],"class_list":["post-18152","product","type-product","status-publish","hentry","product_cat-chalecos-y-sudaderas","product_cat-chamarras-y-rompevientos","product_cat-textil","product_tag-promoopcion","pa_talla-ch","pa_talla-g","pa_talla-m","pa_talla-xch","pa_talla-xg"],"_links":{"self":[{"href":"http:\/\/119.8.7.19\/masterprom\/wp-json\/wp\/v2\/product\/18152","targetHints":{"allow":["GET"]}}],"collection":[{"href":"http:\/\/119.8.7.19\/masterprom\/wp-json\/wp\/v2\/product"}],"about":[{"href":"http:\/\/119.8.7.19\/masterprom\/wp-json\/wp\/v2\/types\/product"}],"replies":[{"embeddable":true,"href":"http:\/\/119.8.7.19\/masterprom\/wp-json\/wp\/v2\/comments?post=18152"}],"wp:attachment":[{"href":"http:\/\/119.8.7.19\/masterprom\/wp-json\/wp\/v2\/media?parent=18152"}],"curies":[{"name":"wp","href":"https:\/\/api.w.org\/{rel}","templated":true}]}}