{"id":18145,"date":"2021-04-20T22:18:55","date_gmt":"2021-04-21T03:18:55","guid":{"rendered":"http:\/\/119.8.7.19\/masterprom\/producto\/chamarra-unisex\/"},"modified":"2021-04-20T22:18:55","modified_gmt":"2021-04-21T03:18:55","slug":"chamarra-unisex","status":"publish","type":"product","link":"http:\/\/119.8.7.19\/masterprom\/producto\/chamarra-unisex\/","title":{"rendered":"CHAMARRA UNISEX"},"content":{"rendered":"<p>Chamarra UNISEX, bolsas con cierre y pu\u00f1os con velcro, Tela impermeable, Forro polar freeze elegante y ligero para cualquier \u00e9poca del a\u00f1o, UNISEX <\/p>\n","protected":false},"excerpt":{"rendered":"<p>Chamarra UNISEX, bolsas con cierre y pu\u00f1os con velcro, Tela impermeable, Forro polar freeze elegante y ligero para cualquier \u00e9poca del a\u00f1o, UNISEX <\/p>\n","protected":false},"featured_media":0,"comment_status":"closed","ping_status":"open","template":"","meta":[],"class_list":["post-18145","product","type-product","status-publish","hentry","product_cat-chamarras-y-rompevientos","product_cat-textil","product_tag-airman","pa_talla-2xg","pa_talla-3xg","pa_talla-ch","pa_talla-g","pa_talla-m","pa_talla-xch","pa_talla-xg"],"_links":{"self":[{"href":"http:\/\/119.8.7.19\/masterprom\/wp-json\/wp\/v2\/product\/18145","targetHints":{"allow":["GET"]}}],"collection":[{"href":"http:\/\/119.8.7.19\/masterprom\/wp-json\/wp\/v2\/product"}],"about":[{"href":"http:\/\/119.8.7.19\/masterprom\/wp-json\/wp\/v2\/types\/product"}],"replies":[{"embeddable":true,"href":"http:\/\/119.8.7.19\/masterprom\/wp-json\/wp\/v2\/comments?post=18145"}],"wp:attachment":[{"href":"http:\/\/119.8.7.19\/masterprom\/wp-json\/wp\/v2\/media?parent=18145"}],"curies":[{"name":"wp","href":"https:\/\/api.w.org\/{rel}","templated":true}]}}