{"id":18049,"date":"2021-04-20T22:18:36","date_gmt":"2021-04-21T03:18:36","guid":{"rendered":"http:\/\/119.8.7.19\/masterprom\/producto\/drytec-d\/"},"modified":"2021-04-20T22:18:38","modified_gmt":"2021-04-21T03:18:38","slug":"drytec-d","status":"publish","type":"product","link":"http:\/\/119.8.7.19\/masterprom\/producto\/drytec-d\/","title":{"rendered":"DRYTEC D"},"content":{"rendered":"<p>Playera DRYTEC, tecnlog\u00eda de ventilaci\u00f3n, secado r\u00e1pido, DAMA <\/p>\n","protected":false},"excerpt":{"rendered":"<p>Playera DRYTEC, tecnlog\u00eda de ventilaci\u00f3n, secado r\u00e1pido, DAMA <\/p>\n","protected":false},"featured_media":0,"comment_status":"closed","ping_status":"open","template":"","meta":[],"class_list":["post-18049","product","type-product","status-publish","hentry","product_cat-playeras","product_cat-textil","product_tag-airman","pa_talla-2xg","pa_talla-3xg","pa_talla-ch","pa_talla-g","pa_talla-m","pa_talla-xch","pa_talla-xg"],"_links":{"self":[{"href":"http:\/\/119.8.7.19\/masterprom\/wp-json\/wp\/v2\/product\/18049","targetHints":{"allow":["GET"]}}],"collection":[{"href":"http:\/\/119.8.7.19\/masterprom\/wp-json\/wp\/v2\/product"}],"about":[{"href":"http:\/\/119.8.7.19\/masterprom\/wp-json\/wp\/v2\/types\/product"}],"replies":[{"embeddable":true,"href":"http:\/\/119.8.7.19\/masterprom\/wp-json\/wp\/v2\/comments?post=18049"}],"wp:attachment":[{"href":"http:\/\/119.8.7.19\/masterprom\/wp-json\/wp\/v2\/media?parent=18049"}],"curies":[{"name":"wp","href":"https:\/\/api.w.org\/{rel}","templated":true}]}}