{"id":18014,"date":"2021-04-20T20:23:38","date_gmt":"2021-04-21T01:23:38","guid":{"rendered":"http:\/\/119.8.7.19\/masterprom\/producto\/lap-010\/"},"modified":"2021-04-20T20:23:39","modified_gmt":"2021-04-21T01:23:39","slug":"lap-010","status":"publish","type":"product","link":"http:\/\/119.8.7.19\/masterprom\/producto\/lap-010\/","title":{"rendered":"LAP-010"},"content":{"rendered":"<p>Concentrador de puertos usb heze (concentrador con luz de 4 puertos usb 2.0. incluye bot\u00f3n para encender y apagar la l\u00e1mpara. cuerpo flexible. no requiere bater\u00edas.) <\/p>\n","protected":false},"excerpt":{"rendered":"<p>Concentrador de puertos usb heze (concentrador con luz de 4 puertos usb 2.0. incluye bot\u00f3n para encender y apagar la l\u00e1mpara. cuerpo flexible. no requiere bater\u00edas.) <\/p>\n","protected":false},"featured_media":0,"comment_status":"closed","ping_status":"open","template":"","meta":[],"class_list":["post-18014","product","type-product","status-publish","hentry","product_cat-computo","product_cat-tecnologia","product_tag-promoopcion"],"_links":{"self":[{"href":"http:\/\/119.8.7.19\/masterprom\/wp-json\/wp\/v2\/product\/18014","targetHints":{"allow":["GET"]}}],"collection":[{"href":"http:\/\/119.8.7.19\/masterprom\/wp-json\/wp\/v2\/product"}],"about":[{"href":"http:\/\/119.8.7.19\/masterprom\/wp-json\/wp\/v2\/types\/product"}],"replies":[{"embeddable":true,"href":"http:\/\/119.8.7.19\/masterprom\/wp-json\/wp\/v2\/comments?post=18014"}],"wp:attachment":[{"href":"http:\/\/119.8.7.19\/masterprom\/wp-json\/wp\/v2\/media?parent=18014"}],"curies":[{"name":"wp","href":"https:\/\/api.w.org\/{rel}","templated":true}]}}