{"id":18011,"date":"2021-04-20T20:23:38","date_gmt":"2021-04-21T01:23:38","guid":{"rendered":"http:\/\/119.8.7.19\/masterprom\/producto\/lap-009-2\/"},"modified":"2021-04-20T20:23:39","modified_gmt":"2021-04-21T01:23:39","slug":"lap-009-2","status":"publish","type":"product","link":"http:\/\/119.8.7.19\/masterprom\/producto\/lap-009-2\/","title":{"rendered":"LAP-009"},"content":{"rendered":"<p>L\u00e1mpara lux (l\u00e1mpara usb para laptop. no requiere bater\u00edas.) <\/p>\n","protected":false},"excerpt":{"rendered":"<p>L\u00e1mpara lux (l\u00e1mpara usb para laptop. no requiere bater\u00edas.) <\/p>\n","protected":false},"featured_media":0,"comment_status":"closed","ping_status":"open","template":"","meta":[],"class_list":["post-18011","product","type-product","status-publish","hentry","product_cat-computo","product_cat-tecnologia","product_tag-promoopcion"],"_links":{"self":[{"href":"http:\/\/119.8.7.19\/masterprom\/wp-json\/wp\/v2\/product\/18011","targetHints":{"allow":["GET"]}}],"collection":[{"href":"http:\/\/119.8.7.19\/masterprom\/wp-json\/wp\/v2\/product"}],"about":[{"href":"http:\/\/119.8.7.19\/masterprom\/wp-json\/wp\/v2\/types\/product"}],"replies":[{"embeddable":true,"href":"http:\/\/119.8.7.19\/masterprom\/wp-json\/wp\/v2\/comments?post=18011"}],"wp:attachment":[{"href":"http:\/\/119.8.7.19\/masterprom\/wp-json\/wp\/v2\/media?parent=18011"}],"curies":[{"name":"wp","href":"https:\/\/api.w.org\/{rel}","templated":true}]}}