{"id":17996,"date":"2021-04-20T20:23:34","date_gmt":"2021-04-21T01:23:34","guid":{"rendered":"http:\/\/119.8.7.19\/masterprom\/producto\/ec712\/"},"modified":"2021-04-20T20:23:36","modified_gmt":"2021-04-21T01:23:36","slug":"ec712","status":"publish","type":"product","link":"http:\/\/119.8.7.19\/masterprom\/producto\/ec712\/","title":{"rendered":"EC712"},"content":{"rendered":"<p>Mouse wireless  mouse \u00f3ptico inal\u00e1mbrico. transmisor usb para conexi\u00f3n remota que se guarda\/oculta en la base de forma imantada. dise\u00f1o plegable para guardar cuando no est\u00e1 en uso. funciona con dos pilas aaa <\/p>\n","protected":false},"excerpt":{"rendered":"<p>Mouse wireless  mouse \u00f3ptico inal\u00e1mbrico. transmisor usb para conexi\u00f3n remota que se guarda\/oculta en la base de forma imantada. dise\u00f1o plegable para guardar cuando no est\u00e1 en uso. funciona con dos pilas aaa <\/p>\n","protected":false},"featured_media":0,"comment_status":"closed","ping_status":"open","template":"","meta":[],"class_list":["post-17996","product","type-product","status-publish","hentry","product_cat-computo","product_cat-tecnologia","product_tag-cdo"],"_links":{"self":[{"href":"http:\/\/119.8.7.19\/masterprom\/wp-json\/wp\/v2\/product\/17996","targetHints":{"allow":["GET"]}}],"collection":[{"href":"http:\/\/119.8.7.19\/masterprom\/wp-json\/wp\/v2\/product"}],"about":[{"href":"http:\/\/119.8.7.19\/masterprom\/wp-json\/wp\/v2\/types\/product"}],"replies":[{"embeddable":true,"href":"http:\/\/119.8.7.19\/masterprom\/wp-json\/wp\/v2\/comments?post=17996"}],"wp:attachment":[{"href":"http:\/\/119.8.7.19\/masterprom\/wp-json\/wp\/v2\/media?parent=17996"}],"curies":[{"name":"wp","href":"https:\/\/api.w.org\/{rel}","templated":true}]}}