{"id":17994,"date":"2021-04-20T20:23:34","date_gmt":"2021-04-21T01:23:34","guid":{"rendered":"http:\/\/119.8.7.19\/masterprom\/producto\/a2625\/"},"modified":"2021-04-20T20:23:36","modified_gmt":"2021-04-21T01:23:36","slug":"a2625","status":"publish","type":"product","link":"http:\/\/119.8.7.19\/masterprom\/producto\/a2625\/","title":{"rendered":"A2625"},"content":{"rendered":"<p>Apuntador l\u00e1ser y controlador para adelantar o atrasar presentaciones digitales, con dispositivo USB remoto para recibir la se\u00f1al en RF (radio frecuencia). No es necesario apuntar hacia el dispositivo para su funcionamiento. Incluye 1 bater\u00eda AAA. Presentaci\u00f3n: caja en color blanco. <\/p>\n","protected":false},"excerpt":{"rendered":"<p>Apuntador l\u00e1ser y controlador para adelantar o atrasar presentaciones digitales, con dispositivo USB remoto para recibir la se\u00f1al en RF (radio frecuencia). No es necesario apuntar hacia el dispositivo para su funcionamiento. Incluye 1 bater\u00eda AAA. Presentaci\u00f3n: caja en color blanco. <\/p>\n","protected":false},"featured_media":0,"comment_status":"closed","ping_status":"open","template":"","meta":[],"class_list":["post-17994","product","type-product","status-publish","hentry","product_cat-computo","product_cat-tecnologia","product_tag-winideas"],"_links":{"self":[{"href":"http:\/\/119.8.7.19\/masterprom\/wp-json\/wp\/v2\/product\/17994","targetHints":{"allow":["GET"]}}],"collection":[{"href":"http:\/\/119.8.7.19\/masterprom\/wp-json\/wp\/v2\/product"}],"about":[{"href":"http:\/\/119.8.7.19\/masterprom\/wp-json\/wp\/v2\/types\/product"}],"replies":[{"embeddable":true,"href":"http:\/\/119.8.7.19\/masterprom\/wp-json\/wp\/v2\/comments?post=17994"}],"wp:attachment":[{"href":"http:\/\/119.8.7.19\/masterprom\/wp-json\/wp\/v2\/media?parent=17994"}],"curies":[{"name":"wp","href":"https:\/\/api.w.org\/{rel}","templated":true}]}}