{"id":17992,"date":"2021-04-20T20:23:34","date_gmt":"2021-04-21T01:23:34","guid":{"rendered":"http:\/\/119.8.7.19\/masterprom\/producto\/mi5512\/"},"modified":"2021-04-20T20:23:36","modified_gmt":"2021-04-21T01:23:36","slug":"mi5512","status":"publish","type":"product","link":"http:\/\/119.8.7.19\/masterprom\/producto\/mi5512\/","title":{"rendered":"MI5512"},"content":{"rendered":"<p>Rat\u00f3n \u00f3ptico inal\u00e1mbrico con USB para transmitir se\u00f1al a la computadora. Tama\u00f1o y peso ligero, con bot\u00f3n de encendido y apagado para ahorro de energ\u00eda. Utiliza dos pilas alcalinas AAA (no incluidas). Empaque con caja individual. <\/p>\n","protected":false},"excerpt":{"rendered":"<p>Rat\u00f3n \u00f3ptico inal\u00e1mbrico con USB para transmitir se\u00f1al a la computadora. Tama\u00f1o y peso ligero, con bot\u00f3n de encendido y apagado para ahorro de energ\u00eda. Utiliza dos pilas alcalinas AAA (no incluidas). Empaque con caja individual. <\/p>\n","protected":false},"featured_media":0,"comment_status":"closed","ping_status":"open","template":"","meta":[],"class_list":["post-17992","product","type-product","status-publish","hentry","product_cat-computo","product_cat-tecnologia","product_tag-winideas"],"_links":{"self":[{"href":"http:\/\/119.8.7.19\/masterprom\/wp-json\/wp\/v2\/product\/17992","targetHints":{"allow":["GET"]}}],"collection":[{"href":"http:\/\/119.8.7.19\/masterprom\/wp-json\/wp\/v2\/product"}],"about":[{"href":"http:\/\/119.8.7.19\/masterprom\/wp-json\/wp\/v2\/types\/product"}],"replies":[{"embeddable":true,"href":"http:\/\/119.8.7.19\/masterprom\/wp-json\/wp\/v2\/comments?post=17992"}],"wp:attachment":[{"href":"http:\/\/119.8.7.19\/masterprom\/wp-json\/wp\/v2\/media?parent=17992"}],"curies":[{"name":"wp","href":"https:\/\/api.w.org\/{rel}","templated":true}]}}