{"id":17991,"date":"2021-04-20T20:23:34","date_gmt":"2021-04-21T01:23:34","guid":{"rendered":"http:\/\/119.8.7.19\/masterprom\/producto\/dk-071\/"},"modified":"2021-04-20T20:23:36","modified_gmt":"2021-04-21T01:23:36","slug":"dk-071","status":"publish","type":"product","link":"http:\/\/119.8.7.19\/masterprom\/producto\/dk-071\/","title":{"rendered":"DK-071"},"content":{"rendered":"<p>Mouse pad ergon\u00f3mico con cubierta de pl\u00e1stico y soporte de gel para mu\u00f1eca. <\/p>\n","protected":false},"excerpt":{"rendered":"<p>Mouse pad ergon\u00f3mico con cubierta de pl\u00e1stico y soporte de gel para mu\u00f1eca. <\/p>\n","protected":false},"featured_media":0,"comment_status":"closed","ping_status":"open","template":"","meta":[],"class_list":["post-17991","product","type-product","status-publish","hentry","product_cat-computo","product_cat-tecnologia","product_tag-innova"],"_links":{"self":[{"href":"http:\/\/119.8.7.19\/masterprom\/wp-json\/wp\/v2\/product\/17991","targetHints":{"allow":["GET"]}}],"collection":[{"href":"http:\/\/119.8.7.19\/masterprom\/wp-json\/wp\/v2\/product"}],"about":[{"href":"http:\/\/119.8.7.19\/masterprom\/wp-json\/wp\/v2\/types\/product"}],"replies":[{"embeddable":true,"href":"http:\/\/119.8.7.19\/masterprom\/wp-json\/wp\/v2\/comments?post=17991"}],"wp:attachment":[{"href":"http:\/\/119.8.7.19\/masterprom\/wp-json\/wp\/v2\/media?parent=17991"}],"curies":[{"name":"wp","href":"https:\/\/api.w.org\/{rel}","templated":true}]}}