{"id":17959,"date":"2021-04-20T20:23:38","date_gmt":"2021-04-21T01:23:38","guid":{"rendered":"http:\/\/119.8.7.19\/masterprom\/producto\/el81001\/"},"modified":"2021-04-20T20:23:38","modified_gmt":"2021-04-21T01:23:38","slug":"el81001","status":"publish","type":"product","link":"http:\/\/119.8.7.19\/masterprom\/producto\/el81001\/","title":{"rendered":"EL81001"},"content":{"rendered":"<p>Organizador electroni manager elleven, Organiza y protege tus electr\u00f3nicos con su estuche moldeado en EVA. El organizador de electr\u00f3nicos Elleven permite tener todo en un mismo lugar, dos bolsillos de malla, interior con bandas el\u00e1sticas y un compartimiento el\u00e1stico que protege tus accesorios, mant\u00e9n seguros tus accesorios dentro de este estuche de cierre. <\/p>\n","protected":false},"excerpt":{"rendered":"<p>Organizador electroni manager elleven, Organiza y protege tus electr\u00f3nicos con su estuche moldeado en EVA. El organizador de electr\u00f3nicos Elleven permite tener todo en un mismo lugar, dos bolsillos de malla, interior con bandas el\u00e1sticas y un compartimiento el\u00e1stico que protege tus accesorios, mant\u00e9n seguros tus accesorios dentro de este estuche de cierre. <\/p>\n","protected":false},"featured_media":0,"comment_status":"closed","ping_status":"open","template":"","meta":[],"class_list":["post-17959","product","type-product","status-publish","hentry","product_cat-accesorios","product_cat-computo","product_cat-tecnologia","product_tag-promoline"],"_links":{"self":[{"href":"http:\/\/119.8.7.19\/masterprom\/wp-json\/wp\/v2\/product\/17959","targetHints":{"allow":["GET"]}}],"collection":[{"href":"http:\/\/119.8.7.19\/masterprom\/wp-json\/wp\/v2\/product"}],"about":[{"href":"http:\/\/119.8.7.19\/masterprom\/wp-json\/wp\/v2\/types\/product"}],"replies":[{"embeddable":true,"href":"http:\/\/119.8.7.19\/masterprom\/wp-json\/wp\/v2\/comments?post=17959"}],"wp:attachment":[{"href":"http:\/\/119.8.7.19\/masterprom\/wp-json\/wp\/v2\/media?parent=17959"}],"curies":[{"name":"wp","href":"https:\/\/api.w.org\/{rel}","templated":true}]}}