{"id":17936,"date":"2021-04-20T20:23:25","date_gmt":"2021-04-21T01:23:25","guid":{"rendered":"http:\/\/119.8.7.19\/masterprom\/producto\/t493\/"},"modified":"2021-04-20T20:23:26","modified_gmt":"2021-04-21T01:23:26","slug":"t493","status":"publish","type":"product","link":"http:\/\/119.8.7.19\/masterprom\/producto\/t493\/","title":{"rendered":"T493"},"content":{"rendered":"<p>Adaptador de celular &#8220;ajuste&#8221; soporte magn\u00e9tico para celular. base imantada que se ajusta a cualquier tama\u00f1o de rejilla del aire acondicionado del auto. placa met\u00e1lica con adherente que deben colocarse en el celular. el logo se imprime en la placa. <\/p>\n","protected":false},"excerpt":{"rendered":"<p>Adaptador de celular &#8220;ajuste&#8221; soporte magn\u00e9tico para celular. base imantada que se ajusta a cualquier tama\u00f1o de rejilla del aire acondicionado del auto. placa met\u00e1lica con adherente que deben colocarse en el celular. el logo se imprime en la placa. <\/p>\n","protected":false},"featured_media":0,"comment_status":"closed","ping_status":"open","template":"","meta":[],"class_list":["post-17936","product","type-product","status-publish","hentry","product_cat-accesorios","product_cat-tecnologia","product_tag-cdo"],"_links":{"self":[{"href":"http:\/\/119.8.7.19\/masterprom\/wp-json\/wp\/v2\/product\/17936","targetHints":{"allow":["GET"]}}],"collection":[{"href":"http:\/\/119.8.7.19\/masterprom\/wp-json\/wp\/v2\/product"}],"about":[{"href":"http:\/\/119.8.7.19\/masterprom\/wp-json\/wp\/v2\/types\/product"}],"replies":[{"embeddable":true,"href":"http:\/\/119.8.7.19\/masterprom\/wp-json\/wp\/v2\/comments?post=17936"}],"wp:attachment":[{"href":"http:\/\/119.8.7.19\/masterprom\/wp-json\/wp\/v2\/media?parent=17936"}],"curies":[{"name":"wp","href":"https:\/\/api.w.org\/{rel}","templated":true}]}}