{"id":17933,"date":"2021-04-20T20:23:25","date_gmt":"2021-04-21T01:23:25","guid":{"rendered":"http:\/\/119.8.7.19\/masterprom\/producto\/ec734\/"},"modified":"2021-04-20T20:23:26","modified_gmt":"2021-04-21T01:23:26","slug":"ec734","status":"publish","type":"product","link":"http:\/\/119.8.7.19\/masterprom\/producto\/ec734\/","title":{"rendered":"EC734"},"content":{"rendered":"<p>Cable retractil &#8220;elsey plus&#8221; cable retr\u00e1ctil para carga y transmisi\u00f3n de datos. conector usb, usb type c y iphone \u00f8 4,1 x 1,5 cm. (medida del contenedor) 90 cm (extendido) 14,5 cm (cerrado)<\/p>\n","protected":false},"excerpt":{"rendered":"<p>Cable retractil &#8220;elsey plus&#8221; cable retr\u00e1ctil para carga y transmisi\u00f3n de datos. conector usb, usb type c y iphone \u00f8 4,1 x 1,5 cm. (medida del contenedor) 90 cm (extendido) 14,5 cm (cerrado)<\/p>\n","protected":false},"featured_media":0,"comment_status":"closed","ping_status":"open","template":"","meta":[],"class_list":["post-17933","product","type-product","status-publish","hentry","product_cat-accesorios","product_cat-tecnologia","product_tag-cdo","pa_detalle-especifico-o-41-x-15-cm-medida-del-contenedor-90-cm-extendido-145-cm-cerrado"],"_links":{"self":[{"href":"http:\/\/119.8.7.19\/masterprom\/wp-json\/wp\/v2\/product\/17933","targetHints":{"allow":["GET"]}}],"collection":[{"href":"http:\/\/119.8.7.19\/masterprom\/wp-json\/wp\/v2\/product"}],"about":[{"href":"http:\/\/119.8.7.19\/masterprom\/wp-json\/wp\/v2\/types\/product"}],"replies":[{"embeddable":true,"href":"http:\/\/119.8.7.19\/masterprom\/wp-json\/wp\/v2\/comments?post=17933"}],"wp:attachment":[{"href":"http:\/\/119.8.7.19\/masterprom\/wp-json\/wp\/v2\/media?parent=17933"}],"curies":[{"name":"wp","href":"https:\/\/api.w.org\/{rel}","templated":true}]}}